{"id":27,"date":"2025-01-13T22:38:59","date_gmt":"2025-01-13T22:38:59","guid":{"rendered":"https:\/\/joyaapples.com\/?page_id=27"},"modified":"2025-05-27T01:02:53","modified_gmt":"2025-05-27T01:02:53","slug":"news","status":"publish","type":"page","link":"https:\/\/joyaapples.com\/de\/news\/","title":{"rendered":"GUTE NEUIGKEITEN"},"content":{"rendered":"<div class=\"wp-block-group is-style-post-container is-location-default is-layout-constrained wp-block-group-is-layout-constrained\">\n<div class=\"wp-block-query is-layout-flow wp-block-query-is-layout-flow\"><ul class=\"wp-block-post-template is-layout-flow wp-block-post-template-is-layout-flow\"><li class=\"wp-block-post post-6223 post type-post status-publish format-standard hentry category-uncategorized\">\n\n<div class=\"wp-block-columns is-layout-flex wp-container-core-columns-is-layout-9d6595d7 wp-block-columns-is-layout-flex\">\n<div class=\"wp-block-column is-layout-flow wp-block-column-is-layout-flow\"><\/div>\n\n\n\n<div class=\"wp-block-column is-layout-flow wp-block-column-is-layout-flow\"><h3 class=\"wp-block-post-title\"><a href=\"https:\/\/joyaapples.com\/de\/spotlight-on-new-season-south-african-joya-supply\/\" target=\"_self\" >Spotlight auf die neue Saison des s\u00fcdafrikanischen Joya\u00ae-Angebots<\/a><\/h3>\n\n<div class=\"has-link-color wp-elements-aeb86e1242a2f44bef700dcdf1b6f0ef wp-block-post-excerpt has-text-color has-purple-pop-color\"><p class=\"wp-block-post-excerpt__excerpt\">S\u00fcdafrikas Joya\u00ae-Apfelproduktion tritt dank der farbintensiven Sorte RDS in eine neue Wachstumsphase ein. Die Saison 2025\/26 verspricht vielversprechende Steigerungen sowohl bei der Produktion als auch bei der Marktdurchdringung. Die Saison auf der S\u00fcdhalbkugel, die von Juli 2025 bis M\u00e4rz 2026 dauert, d\u00fcrfte die Pr\u00e4senz von Joya\u00ae in Asien weiter ausbauen, insbesondere durch \u2026<\/p><p class=\"wp-block-post-excerpt__more-text\"><a class=\"wp-block-post-excerpt__more-link\" href=\"https:\/\/joyaapples.com\/de\/spotlight-on-new-season-south-african-joya-supply\/\">Mehr erfahren<\/a><\/p><\/div><\/div>\n<\/div>\n\n<\/li><li class=\"wp-block-post post-6216 post type-post status-publish format-standard hentry category-uncategorized\">\n\n<div class=\"wp-block-columns is-layout-flex wp-container-core-columns-is-layout-9d6595d7 wp-block-columns-is-layout-flex\">\n<div class=\"wp-block-column is-layout-flow wp-block-column-is-layout-flow\"><\/div>\n\n\n\n<div class=\"wp-block-column is-layout-flow wp-block-column-is-layout-flow\"><h3 class=\"wp-block-post-title\"><a href=\"https:\/\/joyaapples.com\/de\/joya-apples-shine-at-asia-fruit-logistica\/\" target=\"_self\" >Joya\u00ae-\u00c4pfel gl\u00e4nzen auf der Asia Fruit Logistica<\/a><\/h3>\n\n<div class=\"has-link-color wp-elements-aeb86e1242a2f44bef700dcdf1b6f0ef wp-block-post-excerpt has-text-color has-purple-pop-color\"><p class=\"wp-block-post-excerpt__excerpt\">Die Marke Joya\u00ae kehrte im September zur Asia Fruit Logistica nach Hongkong zur\u00fcck und pr\u00e4sentierte sich dort mit ihrem bisher gr\u00f6\u00dften und auff\u00e4lligsten Auftritt! \u00dcber 14.000 Besucher aus 70 L\u00e4ndern str\u00f6mten an den drei Messetagen in die AsiaWorld-Expo und sorgten so f\u00fcr eine hervorragende Markenpr\u00e4senz und die M\u00f6glichkeit, Joya\u00ae noch st\u00e4rker im Bewusstsein der Verbraucher zu verankern. Die Pr\u00e4sentation war beeindruckend\u2026<\/p><p class=\"wp-block-post-excerpt__more-text\"><a class=\"wp-block-post-excerpt__more-link\" href=\"https:\/\/joyaapples.com\/de\/joya-apples-shine-at-asia-fruit-logistica\/\">Mehr erfahren<\/a><\/p><\/div><\/div>\n<\/div>\n\n<\/li><li class=\"wp-block-post post-6248 post type-post status-publish format-standard hentry category-uncategorized\">\n\n<div class=\"wp-block-columns is-layout-flex wp-container-core-columns-is-layout-9d6595d7 wp-block-columns-is-layout-flex\">\n<div class=\"wp-block-column is-layout-flow wp-block-column-is-layout-flow\"><\/div>\n\n\n\n<div class=\"wp-block-column is-layout-flow wp-block-column-is-layout-flow\"><h3 class=\"wp-block-post-title\"><a href=\"https:\/\/joyaapples.com\/de\/joya-apples-rock-out-at-french-music-festival\/\" target=\"_self\" >Joya\u00ae-\u00c4pfel rocken beim franz\u00f6sischen Musikfestival<\/a><\/h3>\n\n<div class=\"has-link-color wp-elements-aeb86e1242a2f44bef700dcdf1b6f0ef wp-block-post-excerpt has-text-color has-purple-pop-color\"><p class=\"wp-block-post-excerpt__excerpt\">Zum zweiten Mal in Folge kooperierte Joya\u00ae mit dem traditionsreichen franz\u00f6sischen Musikfestival Les Francofolies, um ein harmonisches Erlebnis vor Ort zu schaffen. Die k\u00f6stliche Kombination aus Fr\u00fcchten, Spa\u00df und Frische verst\u00e4rkte die mitrei\u00dfende Energie des Festivals zus\u00e4tzlich. Die Aktivierung, die eine hohe Markenpr\u00e4senz und ein sinnvolles Engagement bei der Hauptzielgruppe der 30- bis 50-J\u00e4hrigen erzielte, wurde so konzipiert, dass \u2026<\/p><p class=\"wp-block-post-excerpt__more-text\"><a class=\"wp-block-post-excerpt__more-link\" href=\"https:\/\/joyaapples.com\/de\/joya-apples-rock-out-at-french-music-festival\/\">Mehr erfahren<\/a><\/p><\/div><\/div>\n<\/div>\n\n<\/li><li class=\"wp-block-post post-6210 post type-post status-publish format-standard hentry category-uncategorized\">\n\n<div class=\"wp-block-columns is-layout-flex wp-container-core-columns-is-layout-9d6595d7 wp-block-columns-is-layout-flex\">\n<div class=\"wp-block-column is-layout-flow wp-block-column-is-layout-flow\"><\/div>\n\n\n\n<div class=\"wp-block-column is-layout-flow wp-block-column-is-layout-flow\"><h3 class=\"wp-block-post-title\"><a href=\"https:\/\/joyaapples.com\/de\/dynamic-uk-wide-marketing-activations-deliver-the-good-news\/\" target=\"_self\" >Dynamische Marketing-Aktivierungen in ganz Gro\u00dfbritannien bringen die gute Nachricht<\/a><\/h3>\n\n<div class=\"has-link-color wp-elements-aeb86e1242a2f44bef700dcdf1b6f0ef wp-block-post-excerpt has-text-color has-purple-pop-color\"><p class=\"wp-block-post-excerpt__excerpt\">Die Joya\u00ae-\u00c4pfel mit eigener Marke sind seit August offiziell in den britischen Superm\u00e4rkten erh\u00e4ltlich und \u00fcberzeugen Kunden bei Sainsbury&#039;s und Aldi mit ihrer sch\u00f6nen roten Schale, ihrem saftigen Geschmack und ihrer knackigen Konsistenz. Aus wirtschaftlicher Sicht ist die Listung bei Sainsbury&#039;s und Aldi ein bedeutender Erfolg f\u00fcr Joya\u00ae, der der Produktkategorie neue Impulse verleiht und die Kundenbindung st\u00e4rkt.<\/p><p class=\"wp-block-post-excerpt__more-text\"><a class=\"wp-block-post-excerpt__more-link\" href=\"https:\/\/joyaapples.com\/de\/dynamic-uk-wide-marketing-activations-deliver-the-good-news\/\">Mehr erfahren<\/a><\/p><\/div><\/div>\n<\/div>\n\n<\/li><li class=\"wp-block-post post-6196 post type-post status-publish format-standard has-post-thumbnail hentry category-uncategorized\">\n\n<div class=\"wp-block-columns is-layout-flex wp-container-core-columns-is-layout-9d6595d7 wp-block-columns-is-layout-flex\">\n<div class=\"wp-block-column is-layout-flow wp-block-column-is-layout-flow\"><figure class=\"wp-block-post-featured-image\"><a href=\"https:\/\/joyaapples.com\/de\/africa-prepares-for-a-mouthwatering-joya-season\/\" target=\"_self\"  ><img loading=\"lazy\" decoding=\"async\" width=\"2267\" height=\"1276\" src=\"https:\/\/joyaapples.com\/app\/uploads\/2025\/09\/South-Africa-pic-1_16.9.jpg\" class=\"attachment-post-thumbnail size-post-thumbnail wp-post-image\" alt=\"Africa prepares for a delicious Joya\u00ae season\" style=\"object-fit:cover;\" srcset=\"https:\/\/joyaapples.com\/app\/uploads\/2025\/09\/South-Africa-pic-1_16.9.jpg 2267w, https:\/\/joyaapples.com\/app\/uploads\/2025\/09\/South-Africa-pic-1_16.9-300x169.jpg 300w, https:\/\/joyaapples.com\/app\/uploads\/2025\/09\/South-Africa-pic-1_16.9-1024x576.jpg 1024w, https:\/\/joyaapples.com\/app\/uploads\/2025\/09\/South-Africa-pic-1_16.9-768x432.jpg 768w, https:\/\/joyaapples.com\/app\/uploads\/2025\/09\/South-Africa-pic-1_16.9-1536x865.jpg 1536w, https:\/\/joyaapples.com\/app\/uploads\/2025\/09\/South-Africa-pic-1_16.9-2048x1153.jpg 2048w, https:\/\/joyaapples.com\/app\/uploads\/2025\/09\/South-Africa-pic-1_16.9-18x10.jpg 18w\" sizes=\"auto, (max-width: 2267px) 100vw, 2267px\" \/><\/a><\/figure><\/div>\n\n\n\n<div class=\"wp-block-column is-layout-flow wp-block-column-is-layout-flow\"><h3 class=\"wp-block-post-title\"><a href=\"https:\/\/joyaapples.com\/de\/africa-prepares-for-a-mouthwatering-joya-season\/\" target=\"_self\" >Afrika bereitet sich auf eine k\u00f6stliche Joya\u00ae-Saison vor<\/a><\/h3>\n\n<div class=\"has-link-color wp-elements-aeb86e1242a2f44bef700dcdf1b6f0ef wp-block-post-excerpt has-text-color has-purple-pop-color\"><p class=\"wp-block-post-excerpt__excerpt\">In den kommenden Monaten starten in S\u00fcdafrika und Nigeria neue Marketingkampagnen, die Joya\u00ae als den fruchtigen, belebenden Apfel f\u00fcr einen aktiven Lebensstil und den perfekten Sommersnack f\u00fcr einen Energieschub unterwegs positionieren. Bis zur 36. Kalenderwoche stieg der Absatz in Afrika im Vergleich zum Vorjahr um 2.361 Tonnen. Die gezielten Kampagnen sollen dieses Wachstum weiter ausbauen.<\/p><p class=\"wp-block-post-excerpt__more-text\"><a class=\"wp-block-post-excerpt__more-link\" href=\"https:\/\/joyaapples.com\/de\/africa-prepares-for-a-mouthwatering-joya-season\/\">Mehr erfahren<\/a><\/p><\/div><\/div>\n<\/div>\n\n<\/li><li class=\"wp-block-post post-935 post type-post status-publish format-standard has-post-thumbnail hentry category-uncategorized\">\n\n<div class=\"wp-block-columns is-layout-flex wp-container-core-columns-is-layout-9d6595d7 wp-block-columns-is-layout-flex\">\n<div class=\"wp-block-column is-layout-flow wp-block-column-is-layout-flow\"><figure class=\"wp-block-post-featured-image\"><a href=\"https:\/\/joyaapples.com\/de\/joya-re-part-en-live-2-aux-francofolies-de-la-rochelle\/\" target=\"_self\"  ><img loading=\"lazy\" decoding=\"async\" width=\"2560\" height=\"1854\" src=\"https:\/\/joyaapples.com\/app\/uploads\/2025\/05\/EXE_JOYA_ENCART_TRADE_297X420-scaled.jpg\" class=\"attachment-post-thumbnail size-post-thumbnail wp-post-image\" alt=\"Joya\u00ae re-part en live #2 aux Francofolies de La Rochelle !\" style=\"object-fit:cover;\" srcset=\"https:\/\/joyaapples.com\/app\/uploads\/2025\/05\/EXE_JOYA_ENCART_TRADE_297X420-scaled.jpg 2560w, https:\/\/joyaapples.com\/app\/uploads\/2025\/05\/EXE_JOYA_ENCART_TRADE_297X420-300x217.jpg 300w, https:\/\/joyaapples.com\/app\/uploads\/2025\/05\/EXE_JOYA_ENCART_TRADE_297X420-1024x742.jpg 1024w, https:\/\/joyaapples.com\/app\/uploads\/2025\/05\/EXE_JOYA_ENCART_TRADE_297X420-768x556.jpg 768w, https:\/\/joyaapples.com\/app\/uploads\/2025\/05\/EXE_JOYA_ENCART_TRADE_297X420-1536x1112.jpg 1536w, https:\/\/joyaapples.com\/app\/uploads\/2025\/05\/EXE_JOYA_ENCART_TRADE_297X420-2048x1483.jpg 2048w, https:\/\/joyaapples.com\/app\/uploads\/2025\/05\/EXE_JOYA_ENCART_TRADE_297X420-18x12.jpg 18w\" sizes=\"auto, (max-width: 2560px) 100vw, 2560px\" \/><\/a><\/figure><\/div>\n\n\n\n<div class=\"wp-block-column is-layout-flow wp-block-column-is-layout-flow\"><h3 class=\"wp-block-post-title\"><a href=\"https:\/\/joyaapples.com\/de\/joya-re-part-en-live-2-aux-francofolies-de-la-rochelle\/\" target=\"_self\" >Joya\u00ae re-part en live #2 aux Francofolies de La Rochelle!<\/a><\/h3>\n\n<div class=\"has-link-color wp-elements-aeb86e1242a2f44bef700dcdf1b6f0ef wp-block-post-excerpt has-text-color has-purple-pop-color\"><p class=\"wp-block-post-excerpt__excerpt\">Cet \u00e9t\u00e9 Joya\u00ae, la pomme fran\u00e7aise croquante et pleine de joie, re-part en live aux Francofolies de La Rochelle! Nach der Urauff\u00fchrung einer Haute-en-Couleur-Ausgabe erhielten wir noch eine Zugabe von Fra\u00eecheur, Musik und \u00dcberraschungen, damit Sie einen Moment lang leben konnten. 100 % Immer angenehm. Joya\u00ae et les Francofolies: une \u2026<\/p><p class=\"wp-block-post-excerpt__more-text\"><a class=\"wp-block-post-excerpt__more-link\" href=\"https:\/\/joyaapples.com\/de\/joya-re-part-en-live-2-aux-francofolies-de-la-rochelle\/\">Mehr erfahren<\/a><\/p><\/div><\/div>\n<\/div>\n\n<\/li><li class=\"wp-block-post post-817 post type-post status-publish format-standard has-post-thumbnail hentry category-uncategorized\">\n\n<div class=\"wp-block-columns is-layout-flex wp-container-core-columns-is-layout-9d6595d7 wp-block-columns-is-layout-flex\">\n<div class=\"wp-block-column is-layout-flow wp-block-column-is-layout-flow\"><figure class=\"wp-block-post-featured-image\"><a href=\"https:\/\/joyaapples.com\/de\/the-joya-guide-to-finding-joy\/\" target=\"_self\"  ><img loading=\"lazy\" decoding=\"async\" width=\"1080\" height=\"1350\" src=\"https:\/\/joyaapples.com\/app\/uploads\/2025\/03\/Joya-online-image-1.jpg\" class=\"attachment-post-thumbnail size-post-thumbnail wp-post-image\" alt=\"The Joya\u00ae guide to finding joy+\" style=\"object-fit:cover;\" srcset=\"https:\/\/joyaapples.com\/app\/uploads\/2025\/03\/Joya-online-image-1.jpg 1080w, https:\/\/joyaapples.com\/app\/uploads\/2025\/03\/Joya-online-image-1-240x300.jpg 240w, https:\/\/joyaapples.com\/app\/uploads\/2025\/03\/Joya-online-image-1-819x1024.jpg 819w, https:\/\/joyaapples.com\/app\/uploads\/2025\/03\/Joya-online-image-1-768x960.jpg 768w, https:\/\/joyaapples.com\/app\/uploads\/2025\/03\/Joya-online-image-1-10x12.jpg 10w\" sizes=\"auto, (max-width: 1080px) 100vw, 1080px\" \/><\/a><\/figure><\/div>\n\n\n\n<div class=\"wp-block-column is-layout-flow wp-block-column-is-layout-flow\"><h3 class=\"wp-block-post-title\"><a href=\"https:\/\/joyaapples.com\/de\/the-joya-guide-to-finding-joy\/\" target=\"_self\" >Der Joya\u00ae-Leitfaden zum Finden von Freude+<\/a><\/h3>\n\n<div class=\"has-link-color wp-elements-aeb86e1242a2f44bef700dcdf1b6f0ef wp-block-post-excerpt has-text-color has-purple-pop-color\"><p class=\"wp-block-post-excerpt__excerpt\">Wir alle streben nach einem erf\u00fcllten und gl\u00fccklichen Leben. Ein Leben voller Sinn, Wohlbefinden und tiefem Gl\u00fcck, das unseren Teil der Welt sp\u00fcrbar erhellt. Doch es stimmt auch, dass das Leben manchmal m\u00fchsam sein kann, unsere Abwehrkr\u00e4fte schw\u00e4chelt und die Freude in den Schrank unter der Treppe verbannt. Wir haben \u2026<\/p><p class=\"wp-block-post-excerpt__more-text\"><a class=\"wp-block-post-excerpt__more-link\" href=\"https:\/\/joyaapples.com\/de\/the-joya-guide-to-finding-joy\/\">Mehr erfahren<\/a><\/p><\/div><\/div>\n<\/div>\n\n<\/li><li class=\"wp-block-post post-502 post type-post status-publish format-standard has-post-thumbnail hentry category-uncategorized\">\n\n<div class=\"wp-block-columns is-layout-flex wp-container-core-columns-is-layout-9d6595d7 wp-block-columns-is-layout-flex\">\n<div class=\"wp-block-column is-layout-flow wp-block-column-is-layout-flow\"><figure class=\"wp-block-post-featured-image\"><a href=\"https:\/\/joyaapples.com\/de\/introducing-a-sunny-new-personality-for-joya-drum-roll-please\/\" target=\"_self\"  ><img loading=\"lazy\" decoding=\"async\" width=\"1990\" height=\"1189\" src=\"https:\/\/joyaapples.com\/app\/uploads\/2025\/01\/Joya-Posters_Article.jpg\" class=\"attachment-post-thumbnail size-post-thumbnail wp-post-image\" alt=\"Introducing a sunny new personality for Joya\u00ae. Drum roll please!\" style=\"object-fit:cover;\" srcset=\"https:\/\/joyaapples.com\/app\/uploads\/2025\/01\/Joya-Posters_Article.jpg 1990w, https:\/\/joyaapples.com\/app\/uploads\/2025\/01\/Joya-Posters_Article-300x179.jpg 300w, https:\/\/joyaapples.com\/app\/uploads\/2025\/01\/Joya-Posters_Article-1024x612.jpg 1024w, https:\/\/joyaapples.com\/app\/uploads\/2025\/01\/Joya-Posters_Article-768x459.jpg 768w, https:\/\/joyaapples.com\/app\/uploads\/2025\/01\/Joya-Posters_Article-1536x918.jpg 1536w, https:\/\/joyaapples.com\/app\/uploads\/2025\/01\/Joya-Posters_Article-18x12.jpg 18w\" sizes=\"auto, (max-width: 1990px) 100vw, 1990px\" \/><\/a><\/figure><\/div>\n\n\n\n<div class=\"wp-block-column is-layout-flow wp-block-column-is-layout-flow\"><h3 class=\"wp-block-post-title\"><a href=\"https:\/\/joyaapples.com\/de\/introducing-a-sunny-new-personality-for-joya-drum-roll-please\/\" target=\"_self\" >Wir stellen eine fr\u00f6hliche neue Pers\u00f6nlichkeit f\u00fcr Joya\u00ae vor. Trommelwirbel bitte!<\/a><\/h3>\n\n<div class=\"has-link-color wp-elements-aeb86e1242a2f44bef700dcdf1b6f0ef wp-block-post-excerpt has-text-color has-purple-pop-color\"><p class=\"wp-block-post-excerpt__excerpt\">Leben. Ist es nicht einfach das Beste? Wir bei Joya\u00ae glauben daran, das Leben in vollen Z\u00fcgen zu genie\u00dfen \u2013 jeden abwechslungsreichen und wundervollen Tag zu nutzen, einfach weil er dazu da ist, genutzt zu werden. Packen Sie einen knackigen, belebenden Apfel in den Rucksack und machen Sie sich auf, diese wunderbare Welt zu erkunden.<\/p><p class=\"wp-block-post-excerpt__more-text\"><a class=\"wp-block-post-excerpt__more-link\" href=\"https:\/\/joyaapples.com\/de\/introducing-a-sunny-new-personality-for-joya-drum-roll-please\/\">Mehr erfahren<\/a><\/p><\/div><\/div>\n<\/div>\n\n<\/li><\/ul>\n\n\n<div class=\"wp-block-buttons is-content-justification-center is-layout-flex wp-container-core-buttons-is-layout-16018d1d wp-block-buttons-is-layout-flex\">\n<div class=\"wp-block-button load-more-btn\"><a class=\"wp-block-button__link wp-element-button\">Weitere News laden<\/a><\/div>\n<\/div>\n\n\n<\/div>\n<\/div>","protected":false},"excerpt":{"rendered":"","protected":false},"author":1,"featured_media":0,"parent":0,"menu_order":0,"comment_status":"closed","ping_status":"closed","template":"","meta":{"_acf_changed":false,"footnotes":""},"class_list":["post-27","page","type-page","status-publish","hentry"],"acf":[],"yoast_head":"<!-- This site is optimized with the Yoast SEO plugin v25.8 - https:\/\/yoast.com\/wordpress\/plugins\/seo\/ -->\n<title>The Good News - Joya Apples Website<\/title>\n<meta name=\"robots\" content=\"index, follow, max-snippet:-1, max-image-preview:large, max-video-preview:-1\" \/>\n<link rel=\"canonical\" href=\"https:\/\/joyaapples.com\/de\/news\/\" \/>\n<meta property=\"og:locale\" content=\"de_DE\" \/>\n<meta property=\"og:type\" content=\"article\" \/>\n<meta property=\"og:title\" content=\"The Good News - Joya Apples Website\" \/>\n<meta property=\"og:url\" content=\"https:\/\/joyaapples.com\/de\/news\/\" \/>\n<meta property=\"og:site_name\" content=\"Joya Apples Website\" \/>\n<meta property=\"article:modified_time\" content=\"2025-05-27T01:02:53+00:00\" \/>\n<meta name=\"twitter:card\" content=\"summary_large_image\" \/>\n<script type=\"application\/ld+json\" class=\"yoast-schema-graph\">{\"@context\":\"https:\/\/schema.org\",\"@graph\":[{\"@type\":\"WebPage\",\"@id\":\"https:\/\/joyaapples.com\/fr\/news\/\",\"url\":\"https:\/\/joyaapples.com\/fr\/news\/\",\"name\":\"The Good News - Joya Apples Website\",\"isPartOf\":{\"@id\":\"https:\/\/joyaapples.com\/fr\/#website\"},\"datePublished\":\"2025-01-13T22:38:59+00:00\",\"dateModified\":\"2025-05-27T01:02:53+00:00\",\"breadcrumb\":{\"@id\":\"https:\/\/joyaapples.com\/fr\/news\/#breadcrumb\"},\"inLanguage\":\"de-DE\",\"potentialAction\":[{\"@type\":\"ReadAction\",\"target\":[\"https:\/\/joyaapples.com\/fr\/news\/\"]}]},{\"@type\":\"BreadcrumbList\",\"@id\":\"https:\/\/joyaapples.com\/fr\/news\/#breadcrumb\",\"itemListElement\":[{\"@type\":\"ListItem\",\"position\":1,\"name\":\"Home\",\"item\":\"https:\/\/joyaapples.com\/\"},{\"@type\":\"ListItem\",\"position\":2,\"name\":\"The Good News\"}]},{\"@type\":\"WebSite\",\"@id\":\"https:\/\/joyaapples.com\/fr\/#website\",\"url\":\"https:\/\/joyaapples.com\/fr\/\",\"name\":\"Joya Apples Website\",\"description\":\"\",\"potentialAction\":[{\"@type\":\"SearchAction\",\"target\":{\"@type\":\"EntryPoint\",\"urlTemplate\":\"https:\/\/joyaapples.com\/fr\/?s={search_term_string}\"},\"query-input\":{\"@type\":\"PropertyValueSpecification\",\"valueRequired\":true,\"valueName\":\"search_term_string\"}}],\"inLanguage\":\"de-DE\"}]}<\/script>\n<!-- \/ Yoast SEO plugin. -->","yoast_head_json":{"title":"The Good News - Joya Apples Website","robots":{"index":"index","follow":"follow","max-snippet":"max-snippet:-1","max-image-preview":"max-image-preview:large","max-video-preview":"max-video-preview:-1"},"canonical":"https:\/\/joyaapples.com\/de\/news\/","og_locale":"de_DE","og_type":"article","og_title":"The Good News - Joya Apples Website","og_url":"https:\/\/joyaapples.com\/de\/news\/","og_site_name":"Joya Apples Website","article_modified_time":"2025-05-27T01:02:53+00:00","twitter_card":"summary_large_image","schema":{"@context":"https:\/\/schema.org","@graph":[{"@type":"WebPage","@id":"https:\/\/joyaapples.com\/fr\/news\/","url":"https:\/\/joyaapples.com\/fr\/news\/","name":"The Good News - Joya Apples Website","isPartOf":{"@id":"https:\/\/joyaapples.com\/fr\/#website"},"datePublished":"2025-01-13T22:38:59+00:00","dateModified":"2025-05-27T01:02:53+00:00","breadcrumb":{"@id":"https:\/\/joyaapples.com\/fr\/news\/#breadcrumb"},"inLanguage":"de-DE","potentialAction":[{"@type":"ReadAction","target":["https:\/\/joyaapples.com\/fr\/news\/"]}]},{"@type":"BreadcrumbList","@id":"https:\/\/joyaapples.com\/fr\/news\/#breadcrumb","itemListElement":[{"@type":"ListItem","position":1,"name":"Home","item":"https:\/\/joyaapples.com\/"},{"@type":"ListItem","position":2,"name":"The Good News"}]},{"@type":"WebSite","@id":"https:\/\/joyaapples.com\/fr\/#website","url":"https:\/\/joyaapples.com\/fr\/","name":"Joya Apples Website","description":"","potentialAction":[{"@type":"SearchAction","target":{"@type":"EntryPoint","urlTemplate":"https:\/\/joyaapples.com\/fr\/?s={search_term_string}"},"query-input":{"@type":"PropertyValueSpecification","valueRequired":true,"valueName":"search_term_string"}}],"inLanguage":"de-DE"}]}},"_links":{"self":[{"href":"https:\/\/joyaapples.com\/de\/wp-json\/wp\/v2\/pages\/27","targetHints":{"allow":["GET"]}}],"collection":[{"href":"https:\/\/joyaapples.com\/de\/wp-json\/wp\/v2\/pages"}],"about":[{"href":"https:\/\/joyaapples.com\/de\/wp-json\/wp\/v2\/types\/page"}],"author":[{"embeddable":true,"href":"https:\/\/joyaapples.com\/de\/wp-json\/wp\/v2\/users\/1"}],"replies":[{"embeddable":true,"href":"https:\/\/joyaapples.com\/de\/wp-json\/wp\/v2\/comments?post=27"}],"version-history":[{"count":30,"href":"https:\/\/joyaapples.com\/de\/wp-json\/wp\/v2\/pages\/27\/revisions"}],"predecessor-version":[{"id":864,"href":"https:\/\/joyaapples.com\/de\/wp-json\/wp\/v2\/pages\/27\/revisions\/864"}],"wp:attachment":[{"href":"https:\/\/joyaapples.com\/de\/wp-json\/wp\/v2\/media?parent=27"}],"curies":[{"name":"wp","href":"https:\/\/api.w.org\/{rel}","templated":true}]}}