{"id":27,"date":"2025-01-13T22:38:59","date_gmt":"2025-01-13T22:38:59","guid":{"rendered":"https:\/\/joyaapples.com\/?page_id=27"},"modified":"2025-05-27T01:02:53","modified_gmt":"2025-05-27T01:02:53","slug":"news","status":"publish","type":"page","link":"https:\/\/joyaapples.com\/fr\/news\/","title":{"rendered":"LES BONNES NOUVELLES"},"content":{"rendered":"<div class=\"wp-block-group is-style-post-container is-location-default is-layout-constrained wp-block-group-is-layout-constrained\">\n<div class=\"wp-block-query is-layout-flow wp-block-query-is-layout-flow\"><ul class=\"wp-block-post-template is-layout-flow wp-block-post-template-is-layout-flow\"><li class=\"wp-block-post post-6223 post type-post status-publish format-standard hentry category-uncategorized\">\n\n<div class=\"wp-block-columns is-layout-flex wp-container-core-columns-is-layout-9d6595d7 wp-block-columns-is-layout-flex\">\n<div class=\"wp-block-column is-layout-flow wp-block-column-is-layout-flow\"><\/div>\n\n\n\n<div class=\"wp-block-column is-layout-flow wp-block-column-is-layout-flow\"><h3 class=\"wp-block-post-title\"><a href=\"https:\/\/joyaapples.com\/fr\/spotlight-on-new-season-south-african-joya-supply\/\" target=\"_self\" >Pleins feux sur la nouvelle saison d&#039;approvisionnement sud-africain Joya\u00ae<\/a><\/h3>\n\n<div class=\"has-link-color wp-elements-aeb86e1242a2f44bef700dcdf1b6f0ef wp-block-post-excerpt has-text-color has-purple-pop-color\"><p class=\"wp-block-post-excerpt__excerpt\">La production de pommes Joya\u00ae en Afrique du Sud entre dans une nouvelle phase de croissance, port\u00e9e par la vari\u00e9t\u00e9 RDS \u00e0 haute coloration. La saison 2025-2026, d\u00e9but\u00e9e en d\u00e9but d&#039;ann\u00e9e, affiche des perspectives prometteuses en termes de production et de p\u00e9n\u00e9tration du march\u00e9. La saison de l&#039;h\u00e9misph\u00e8re sud, qui s&#039;\u00e9tend de juillet 2025 \u00e0 mars 2026, devrait favoriser l&#039;expansion de la culture de la Joya\u00ae en Asie, notamment gr\u00e2ce \u00e0\u2026<\/p><p class=\"wp-block-post-excerpt__more-text\"><a class=\"wp-block-post-excerpt__more-link\" href=\"https:\/\/joyaapples.com\/fr\/spotlight-on-new-season-south-african-joya-supply\/\">En savoir plus<\/a><\/p><\/div><\/div>\n<\/div>\n\n<\/li><li class=\"wp-block-post post-6216 post type-post status-publish format-standard hentry category-uncategorized\">\n\n<div class=\"wp-block-columns is-layout-flex wp-container-core-columns-is-layout-9d6595d7 wp-block-columns-is-layout-flex\">\n<div class=\"wp-block-column is-layout-flow wp-block-column-is-layout-flow\"><\/div>\n\n\n\n<div class=\"wp-block-column is-layout-flow wp-block-column-is-layout-flow\"><h3 class=\"wp-block-post-title\"><a href=\"https:\/\/joyaapples.com\/fr\/joya-apples-shine-at-asia-fruit-logistica\/\" target=\"_self\" >Les pommes Joya\u00ae brillent \u00e0 Asia Fruit Logistica<\/a><\/h3>\n\n<div class=\"has-link-color wp-elements-aeb86e1242a2f44bef700dcdf1b6f0ef wp-block-post-excerpt has-text-color has-purple-pop-color\"><p class=\"wp-block-post-excerpt__excerpt\">La marque Joya\u00ae a fait son grand retour \u00e0 Hong Kong en septembre dernier \u00e0 l&#039;occasion d&#039;Asia Fruit Logistica, avec une pr\u00e9sence record et audacieuse\u00a0! Plus de 14\u00a0000 personnes venues de 70 pays ont converg\u00e9 vers AsiaWorld-Expo durant les trois jours du salon, offrant \u00e0 la marque une visibilit\u00e9 exceptionnelle et l&#039;opportunit\u00e9 de renforcer sa notori\u00e9t\u00e9 aupr\u00e8s des consommateurs.<\/p><p class=\"wp-block-post-excerpt__more-text\"><a class=\"wp-block-post-excerpt__more-link\" href=\"https:\/\/joyaapples.com\/fr\/joya-apples-shine-at-asia-fruit-logistica\/\">En savoir plus<\/a><\/p><\/div><\/div>\n<\/div>\n\n<\/li><li class=\"wp-block-post post-6248 post type-post status-publish format-standard hentry category-uncategorized\">\n\n<div class=\"wp-block-columns is-layout-flex wp-container-core-columns-is-layout-9d6595d7 wp-block-columns-is-layout-flex\">\n<div class=\"wp-block-column is-layout-flow wp-block-column-is-layout-flow\"><\/div>\n\n\n\n<div class=\"wp-block-column is-layout-flow wp-block-column-is-layout-flow\"><h3 class=\"wp-block-post-title\"><a href=\"https:\/\/joyaapples.com\/fr\/joya-apples-rock-out-at-french-music-festival\/\" target=\"_self\" >Les pommes Joya\u00ae font sensation au festival de musique fran\u00e7ais<\/a><\/h3>\n\n<div class=\"has-link-color wp-elements-aeb86e1242a2f44bef700dcdf1b6f0ef wp-block-post-excerpt has-text-color has-purple-pop-color\"><p class=\"wp-block-post-excerpt__excerpt\">Pour la deuxi\u00e8me ann\u00e9e cons\u00e9cutive, Joya\u00ae s&#039;est associ\u00e9e \u00e0 l&#039;un des festivals de musique historiques de France, Les Francofolies, afin de cr\u00e9er une exp\u00e9rience harmonieuse sur place. La d\u00e9licieuse combinaison de fruits, de divertissement et de fra\u00eecheur a contribu\u00e9 \u00e0 amplifier l&#039;\u00e9nergie festive du festival. Con\u00e7ue pour assurer une forte visibilit\u00e9 de la marque et un engagement significatif aupr\u00e8s de la cible principale (30-50 ans), cette op\u00e9ration a \u00e9t\u00e9 pens\u00e9e\u2026<\/p><p class=\"wp-block-post-excerpt__more-text\"><a class=\"wp-block-post-excerpt__more-link\" href=\"https:\/\/joyaapples.com\/fr\/joya-apples-rock-out-at-french-music-festival\/\">En savoir plus<\/a><\/p><\/div><\/div>\n<\/div>\n\n<\/li><li class=\"wp-block-post post-6210 post type-post status-publish format-standard hentry category-uncategorized\">\n\n<div class=\"wp-block-columns is-layout-flex wp-container-core-columns-is-layout-9d6595d7 wp-block-columns-is-layout-flex\">\n<div class=\"wp-block-column is-layout-flow wp-block-column-is-layout-flow\"><\/div>\n\n\n\n<div class=\"wp-block-column is-layout-flow wp-block-column-is-layout-flow\"><h3 class=\"wp-block-post-title\"><a href=\"https:\/\/joyaapples.com\/fr\/dynamic-uk-wide-marketing-activations-deliver-the-good-news\/\" target=\"_self\" >Des activations marketing dynamiques \u00e0 l&#039;\u00e9chelle du Royaume-Uni apportent la bonne nouvelle<\/a><\/h3>\n\n<div class=\"has-link-color wp-elements-aeb86e1242a2f44bef700dcdf1b6f0ef wp-block-post-excerpt has-text-color has-purple-pop-color\"><p class=\"wp-block-post-excerpt__excerpt\">Les pommes Joya\u00ae, d\u00e9sormais disponibles sous la marque Joya\u00ae, sont arriv\u00e9es officiellement dans les rayons britanniques en ao\u00fbt dernier, offrant aux consommateurs de Sainsbury&#039;s et d&#039;Aldi leur belle peau rouge ros\u00e9e, leur go\u00fbt juteux et leur croquant incomparable. D&#039;un point de vue commercial, la pr\u00e9sence de Joya\u00ae chez Sainsbury&#039;s et Aldi repr\u00e9sente une victoire importante pour la marque, insufflant un nouvel \u00e9lan au march\u00e9 et renfor\u00e7ant l&#039;int\u00e9r\u00eat des consommateurs.<\/p><p class=\"wp-block-post-excerpt__more-text\"><a class=\"wp-block-post-excerpt__more-link\" href=\"https:\/\/joyaapples.com\/fr\/dynamic-uk-wide-marketing-activations-deliver-the-good-news\/\">En savoir plus<\/a><\/p><\/div><\/div>\n<\/div>\n\n<\/li><li class=\"wp-block-post post-6196 post type-post status-publish format-standard has-post-thumbnail hentry category-uncategorized\">\n\n<div class=\"wp-block-columns is-layout-flex wp-container-core-columns-is-layout-9d6595d7 wp-block-columns-is-layout-flex\">\n<div class=\"wp-block-column is-layout-flow wp-block-column-is-layout-flow\"><figure class=\"wp-block-post-featured-image\"><a href=\"https:\/\/joyaapples.com\/fr\/africa-prepares-for-a-mouthwatering-joya-season\/\" target=\"_self\"  ><img loading=\"lazy\" decoding=\"async\" width=\"2267\" height=\"1276\" src=\"https:\/\/joyaapples.com\/app\/uploads\/2025\/09\/South-Africa-pic-1_16.9.jpg\" class=\"attachment-post-thumbnail size-post-thumbnail wp-post-image\" alt=\"Africa prepares for a delicious Joya\u00ae season\" style=\"object-fit:cover;\" srcset=\"https:\/\/joyaapples.com\/app\/uploads\/2025\/09\/South-Africa-pic-1_16.9.jpg 2267w, https:\/\/joyaapples.com\/app\/uploads\/2025\/09\/South-Africa-pic-1_16.9-300x169.jpg 300w, https:\/\/joyaapples.com\/app\/uploads\/2025\/09\/South-Africa-pic-1_16.9-1024x576.jpg 1024w, https:\/\/joyaapples.com\/app\/uploads\/2025\/09\/South-Africa-pic-1_16.9-768x432.jpg 768w, https:\/\/joyaapples.com\/app\/uploads\/2025\/09\/South-Africa-pic-1_16.9-1536x865.jpg 1536w, https:\/\/joyaapples.com\/app\/uploads\/2025\/09\/South-Africa-pic-1_16.9-2048x1153.jpg 2048w, https:\/\/joyaapples.com\/app\/uploads\/2025\/09\/South-Africa-pic-1_16.9-18x10.jpg 18w\" sizes=\"auto, (max-width: 2267px) 100vw, 2267px\" \/><\/a><\/figure><\/div>\n\n\n\n<div class=\"wp-block-column is-layout-flow wp-block-column-is-layout-flow\"><h3 class=\"wp-block-post-title\"><a href=\"https:\/\/joyaapples.com\/fr\/africa-prepares-for-a-mouthwatering-joya-season\/\" target=\"_self\" >L&#039;Afrique se pr\u00e9pare pour une d\u00e9licieuse saison Joya\u00ae<\/a><\/h3>\n\n<div class=\"has-link-color wp-elements-aeb86e1242a2f44bef700dcdf1b6f0ef wp-block-post-excerpt has-text-color has-purple-pop-color\"><p class=\"wp-block-post-excerpt__excerpt\">De nouvelles campagnes marketing seront d\u00e9ploy\u00e9es en Afrique du Sud et au Nig\u00e9ria dans les prochains mois, positionnant Joya\u00ae comme la pomme savoureuse et r\u00e9confortante id\u00e9ale pour les vies actives et l&#039;en-cas estival parfait pour un regain d&#039;\u00e9nergie \u00e0 tout moment. \u00c0 la 36e semaine, les ventes africaines ont progress\u00e9 de 236\u00a0100\u00a0000 unit\u00e9s sur un an, et ces campagnes cibl\u00e9es visent \u00e0 tirer parti de cette croissance.<\/p><p class=\"wp-block-post-excerpt__more-text\"><a class=\"wp-block-post-excerpt__more-link\" href=\"https:\/\/joyaapples.com\/fr\/africa-prepares-for-a-mouthwatering-joya-season\/\">En savoir plus<\/a><\/p><\/div><\/div>\n<\/div>\n\n<\/li><li class=\"wp-block-post post-935 post type-post status-publish format-standard has-post-thumbnail hentry category-uncategorized\">\n\n<div class=\"wp-block-columns is-layout-flex wp-container-core-columns-is-layout-9d6595d7 wp-block-columns-is-layout-flex\">\n<div class=\"wp-block-column is-layout-flow wp-block-column-is-layout-flow\"><figure class=\"wp-block-post-featured-image\"><a href=\"https:\/\/joyaapples.com\/fr\/joya-re-part-en-live-2-aux-francofolies-de-la-rochelle\/\" target=\"_self\"  ><img loading=\"lazy\" decoding=\"async\" width=\"2560\" height=\"1854\" src=\"https:\/\/joyaapples.com\/app\/uploads\/2025\/05\/EXE_JOYA_ENCART_TRADE_297X420-scaled.jpg\" class=\"attachment-post-thumbnail size-post-thumbnail wp-post-image\" alt=\"Joya\u00ae re-part en live #2 aux Francofolies de La Rochelle !\" style=\"object-fit:cover;\" srcset=\"https:\/\/joyaapples.com\/app\/uploads\/2025\/05\/EXE_JOYA_ENCART_TRADE_297X420-scaled.jpg 2560w, https:\/\/joyaapples.com\/app\/uploads\/2025\/05\/EXE_JOYA_ENCART_TRADE_297X420-300x217.jpg 300w, https:\/\/joyaapples.com\/app\/uploads\/2025\/05\/EXE_JOYA_ENCART_TRADE_297X420-1024x742.jpg 1024w, https:\/\/joyaapples.com\/app\/uploads\/2025\/05\/EXE_JOYA_ENCART_TRADE_297X420-768x556.jpg 768w, https:\/\/joyaapples.com\/app\/uploads\/2025\/05\/EXE_JOYA_ENCART_TRADE_297X420-1536x1112.jpg 1536w, https:\/\/joyaapples.com\/app\/uploads\/2025\/05\/EXE_JOYA_ENCART_TRADE_297X420-2048x1483.jpg 2048w, https:\/\/joyaapples.com\/app\/uploads\/2025\/05\/EXE_JOYA_ENCART_TRADE_297X420-18x12.jpg 18w\" sizes=\"auto, (max-width: 2560px) 100vw, 2560px\" \/><\/a><\/figure><\/div>\n\n\n\n<div class=\"wp-block-column is-layout-flow wp-block-column-is-layout-flow\"><h3 class=\"wp-block-post-title\"><a href=\"https:\/\/joyaapples.com\/fr\/joya-re-part-en-live-2-aux-francofolies-de-la-rochelle\/\" target=\"_self\" >Joya\u00ae repart en live #2 aux Francofolies de La Rochelle !<\/a><\/h3>\n\n<div class=\"has-link-color wp-elements-aeb86e1242a2f44bef700dcdf1b6f0ef wp-block-post-excerpt has-text-color has-purple-pop-color\"><p class=\"wp-block-post-excerpt__excerpt\">Cet \u00e9t\u00e9 Joya\u00ae, la pomme fran\u00e7aise croquante et pleine de joie, re-part en live aux Francofolies de La Rochelle ! Apr\u00e8s une premi\u00e8re \u00e9dition haute en couleurs, nous revenons avec encore plus de fra\u00eecheur, de musique et de surprises pour vous faire vivre un moment 100 % Always Enjoyable. Joya\u00ae et les Francofolies : une \u2026<\/p><p class=\"wp-block-post-excerpt__more-text\"><a class=\"wp-block-post-excerpt__more-link\" href=\"https:\/\/joyaapples.com\/fr\/joya-re-part-en-live-2-aux-francofolies-de-la-rochelle\/\">En savoir plus<\/a><\/p><\/div><\/div>\n<\/div>\n\n<\/li><li class=\"wp-block-post post-817 post type-post status-publish format-standard has-post-thumbnail hentry category-uncategorized\">\n\n<div class=\"wp-block-columns is-layout-flex wp-container-core-columns-is-layout-9d6595d7 wp-block-columns-is-layout-flex\">\n<div class=\"wp-block-column is-layout-flow wp-block-column-is-layout-flow\"><figure class=\"wp-block-post-featured-image\"><a href=\"https:\/\/joyaapples.com\/fr\/the-joya-guide-to-finding-joy\/\" target=\"_self\"  ><img loading=\"lazy\" decoding=\"async\" width=\"1080\" height=\"1350\" src=\"https:\/\/joyaapples.com\/app\/uploads\/2025\/03\/Joya-online-image-1.jpg\" class=\"attachment-post-thumbnail size-post-thumbnail wp-post-image\" alt=\"The Joya\u00ae guide to finding joy+\" style=\"object-fit:cover;\" srcset=\"https:\/\/joyaapples.com\/app\/uploads\/2025\/03\/Joya-online-image-1.jpg 1080w, https:\/\/joyaapples.com\/app\/uploads\/2025\/03\/Joya-online-image-1-240x300.jpg 240w, https:\/\/joyaapples.com\/app\/uploads\/2025\/03\/Joya-online-image-1-819x1024.jpg 819w, https:\/\/joyaapples.com\/app\/uploads\/2025\/03\/Joya-online-image-1-768x960.jpg 768w, https:\/\/joyaapples.com\/app\/uploads\/2025\/03\/Joya-online-image-1-10x12.jpg 10w\" sizes=\"auto, (max-width: 1080px) 100vw, 1080px\" \/><\/a><\/figure><\/div>\n\n\n\n<div class=\"wp-block-column is-layout-flow wp-block-column-is-layout-flow\"><h3 class=\"wp-block-post-title\"><a href=\"https:\/\/joyaapples.com\/fr\/the-joya-guide-to-finding-joy\/\" target=\"_self\" >Le guide Joya\u00ae pour trouver la joie+<\/a><\/h3>\n\n<div class=\"has-link-color wp-elements-aeb86e1242a2f44bef700dcdf1b6f0ef wp-block-post-excerpt has-text-color has-purple-pop-color\"><p class=\"wp-block-post-excerpt__excerpt\">Nous aspirons tous \u00e0 vivre une vie joyeuse et \u00e9panouie. Une vie pleine de sens, de bien-\u00eatre et de ce bonheur profond qui illumine concr\u00e8tement notre petit bout de monde. Mais il est aussi vrai que la vie peut parfois \u00eatre p\u00e9nible, \u00e9puisant nos d\u00e9fenses et envoyant la joie se r\u00e9fugier dans ce placard m\u00e9taphorique sous l&#039;escalier. Nous avons\u2026<\/p><p class=\"wp-block-post-excerpt__more-text\"><a class=\"wp-block-post-excerpt__more-link\" href=\"https:\/\/joyaapples.com\/fr\/the-joya-guide-to-finding-joy\/\">En savoir plus<\/a><\/p><\/div><\/div>\n<\/div>\n\n<\/li><li class=\"wp-block-post post-502 post type-post status-publish format-standard has-post-thumbnail hentry category-uncategorized\">\n\n<div class=\"wp-block-columns is-layout-flex wp-container-core-columns-is-layout-9d6595d7 wp-block-columns-is-layout-flex\">\n<div class=\"wp-block-column is-layout-flow wp-block-column-is-layout-flow\"><figure class=\"wp-block-post-featured-image\"><a href=\"https:\/\/joyaapples.com\/fr\/introducing-a-sunny-new-personality-for-joya-drum-roll-please\/\" target=\"_self\"  ><img loading=\"lazy\" decoding=\"async\" width=\"1990\" height=\"1189\" src=\"https:\/\/joyaapples.com\/app\/uploads\/2025\/01\/Joya-Posters_Article.jpg\" class=\"attachment-post-thumbnail size-post-thumbnail wp-post-image\" alt=\"Introducing a sunny new personality for Joya\u00ae. Drum roll please!\" style=\"object-fit:cover;\" srcset=\"https:\/\/joyaapples.com\/app\/uploads\/2025\/01\/Joya-Posters_Article.jpg 1990w, https:\/\/joyaapples.com\/app\/uploads\/2025\/01\/Joya-Posters_Article-300x179.jpg 300w, https:\/\/joyaapples.com\/app\/uploads\/2025\/01\/Joya-Posters_Article-1024x612.jpg 1024w, https:\/\/joyaapples.com\/app\/uploads\/2025\/01\/Joya-Posters_Article-768x459.jpg 768w, https:\/\/joyaapples.com\/app\/uploads\/2025\/01\/Joya-Posters_Article-1536x918.jpg 1536w, https:\/\/joyaapples.com\/app\/uploads\/2025\/01\/Joya-Posters_Article-18x12.jpg 18w\" sizes=\"auto, (max-width: 1990px) 100vw, 1990px\" \/><\/a><\/figure><\/div>\n\n\n\n<div class=\"wp-block-column is-layout-flow wp-block-column-is-layout-flow\"><h3 class=\"wp-block-post-title\"><a href=\"https:\/\/joyaapples.com\/fr\/introducing-a-sunny-new-personality-for-joya-drum-roll-please\/\" target=\"_self\" >Joya\u00ae, une nouvelle personnalit\u00e9 ensoleill\u00e9e. Roulements de tambour\u00a0!<\/a><\/h3>\n\n<div class=\"has-link-color wp-elements-aeb86e1242a2f44bef700dcdf1b6f0ef wp-block-post-excerpt has-text-color has-purple-pop-color\"><p class=\"wp-block-post-excerpt__excerpt\">La vie. N&#039;est-elle pas tout simplement la meilleure ? Chez Joya\u00ae, nous croyons qu&#039;il faut vivre pleinement, savourer chaque journ\u00e9e riche et merveilleuse, pour la simple et bonne raison que les jours sont faits pour \u00eatre v\u00e9cus. Glisser une pomme croquante et vivifiante dans son sac \u00e0 dos et partir \u00e0 la d\u00e9couverte de ce monde merveilleux.<\/p><p class=\"wp-block-post-excerpt__more-text\"><a class=\"wp-block-post-excerpt__more-link\" href=\"https:\/\/joyaapples.com\/fr\/introducing-a-sunny-new-personality-for-joya-drum-roll-please\/\">En savoir plus<\/a><\/p><\/div><\/div>\n<\/div>\n\n<\/li><\/ul>\n\n\n<div class=\"wp-block-buttons is-content-justification-center is-layout-flex wp-container-core-buttons-is-layout-16018d1d wp-block-buttons-is-layout-flex\">\n<div class=\"wp-block-button load-more-btn\"><a class=\"wp-block-button__link wp-element-button\">Charger plus d&#039;actualit\u00e9s<\/a><\/div>\n<\/div>\n\n\n<\/div>\n<\/div>","protected":false},"excerpt":{"rendered":"","protected":false},"author":1,"featured_media":0,"parent":0,"menu_order":0,"comment_status":"closed","ping_status":"closed","template":"","meta":{"_acf_changed":false,"footnotes":""},"class_list":["post-27","page","type-page","status-publish","hentry"],"acf":[],"yoast_head":"<!-- This site is optimized with the Yoast SEO plugin v25.8 - https:\/\/yoast.com\/wordpress\/plugins\/seo\/ -->\n<title>The Good News - Joya Apples Website<\/title>\n<meta name=\"robots\" content=\"index, follow, max-snippet:-1, max-image-preview:large, max-video-preview:-1\" \/>\n<link rel=\"canonical\" href=\"https:\/\/joyaapples.com\/fr\/news\/\" \/>\n<meta property=\"og:locale\" content=\"fr_FR\" \/>\n<meta property=\"og:type\" content=\"article\" \/>\n<meta property=\"og:title\" content=\"The Good News - Joya Apples Website\" \/>\n<meta property=\"og:url\" content=\"https:\/\/joyaapples.com\/fr\/news\/\" \/>\n<meta property=\"og:site_name\" content=\"Joya Apples Website\" \/>\n<meta property=\"article:modified_time\" content=\"2025-05-27T01:02:53+00:00\" \/>\n<meta name=\"twitter:card\" content=\"summary_large_image\" \/>\n<script type=\"application\/ld+json\" class=\"yoast-schema-graph\">{\"@context\":\"https:\/\/schema.org\",\"@graph\":[{\"@type\":\"WebPage\",\"@id\":\"https:\/\/joyaapples.com\/fr\/news\/\",\"url\":\"https:\/\/joyaapples.com\/fr\/news\/\",\"name\":\"The Good News - Joya Apples Website\",\"isPartOf\":{\"@id\":\"https:\/\/joyaapples.com\/fr\/#website\"},\"datePublished\":\"2025-01-13T22:38:59+00:00\",\"dateModified\":\"2025-05-27T01:02:53+00:00\",\"breadcrumb\":{\"@id\":\"https:\/\/joyaapples.com\/fr\/news\/#breadcrumb\"},\"inLanguage\":\"fr-FR\",\"potentialAction\":[{\"@type\":\"ReadAction\",\"target\":[\"https:\/\/joyaapples.com\/fr\/news\/\"]}]},{\"@type\":\"BreadcrumbList\",\"@id\":\"https:\/\/joyaapples.com\/fr\/news\/#breadcrumb\",\"itemListElement\":[{\"@type\":\"ListItem\",\"position\":1,\"name\":\"Home\",\"item\":\"https:\/\/joyaapples.com\/\"},{\"@type\":\"ListItem\",\"position\":2,\"name\":\"The Good News\"}]},{\"@type\":\"WebSite\",\"@id\":\"https:\/\/joyaapples.com\/fr\/#website\",\"url\":\"https:\/\/joyaapples.com\/fr\/\",\"name\":\"Joya Apples Website\",\"description\":\"\",\"potentialAction\":[{\"@type\":\"SearchAction\",\"target\":{\"@type\":\"EntryPoint\",\"urlTemplate\":\"https:\/\/joyaapples.com\/fr\/?s={search_term_string}\"},\"query-input\":{\"@type\":\"PropertyValueSpecification\",\"valueRequired\":true,\"valueName\":\"search_term_string\"}}],\"inLanguage\":\"fr-FR\"}]}<\/script>\n<!-- \/ Yoast SEO plugin. -->","yoast_head_json":{"title":"The Good News - Joya Apples Website","robots":{"index":"index","follow":"follow","max-snippet":"max-snippet:-1","max-image-preview":"max-image-preview:large","max-video-preview":"max-video-preview:-1"},"canonical":"https:\/\/joyaapples.com\/fr\/news\/","og_locale":"fr_FR","og_type":"article","og_title":"The Good News - Joya Apples Website","og_url":"https:\/\/joyaapples.com\/fr\/news\/","og_site_name":"Joya Apples Website","article_modified_time":"2025-05-27T01:02:53+00:00","twitter_card":"summary_large_image","schema":{"@context":"https:\/\/schema.org","@graph":[{"@type":"WebPage","@id":"https:\/\/joyaapples.com\/fr\/news\/","url":"https:\/\/joyaapples.com\/fr\/news\/","name":"The Good News - Joya Apples Website","isPartOf":{"@id":"https:\/\/joyaapples.com\/fr\/#website"},"datePublished":"2025-01-13T22:38:59+00:00","dateModified":"2025-05-27T01:02:53+00:00","breadcrumb":{"@id":"https:\/\/joyaapples.com\/fr\/news\/#breadcrumb"},"inLanguage":"fr-FR","potentialAction":[{"@type":"ReadAction","target":["https:\/\/joyaapples.com\/fr\/news\/"]}]},{"@type":"BreadcrumbList","@id":"https:\/\/joyaapples.com\/fr\/news\/#breadcrumb","itemListElement":[{"@type":"ListItem","position":1,"name":"Home","item":"https:\/\/joyaapples.com\/"},{"@type":"ListItem","position":2,"name":"The Good News"}]},{"@type":"WebSite","@id":"https:\/\/joyaapples.com\/fr\/#website","url":"https:\/\/joyaapples.com\/fr\/","name":"Joya Apples Website","description":"","potentialAction":[{"@type":"SearchAction","target":{"@type":"EntryPoint","urlTemplate":"https:\/\/joyaapples.com\/fr\/?s={search_term_string}"},"query-input":{"@type":"PropertyValueSpecification","valueRequired":true,"valueName":"search_term_string"}}],"inLanguage":"fr-FR"}]}},"_links":{"self":[{"href":"https:\/\/joyaapples.com\/fr\/wp-json\/wp\/v2\/pages\/27","targetHints":{"allow":["GET"]}}],"collection":[{"href":"https:\/\/joyaapples.com\/fr\/wp-json\/wp\/v2\/pages"}],"about":[{"href":"https:\/\/joyaapples.com\/fr\/wp-json\/wp\/v2\/types\/page"}],"author":[{"embeddable":true,"href":"https:\/\/joyaapples.com\/fr\/wp-json\/wp\/v2\/users\/1"}],"replies":[{"embeddable":true,"href":"https:\/\/joyaapples.com\/fr\/wp-json\/wp\/v2\/comments?post=27"}],"version-history":[{"count":30,"href":"https:\/\/joyaapples.com\/fr\/wp-json\/wp\/v2\/pages\/27\/revisions"}],"predecessor-version":[{"id":864,"href":"https:\/\/joyaapples.com\/fr\/wp-json\/wp\/v2\/pages\/27\/revisions\/864"}],"wp:attachment":[{"href":"https:\/\/joyaapples.com\/fr\/wp-json\/wp\/v2\/media?parent=27"}],"curies":[{"name":"wp","href":"https:\/\/api.w.org\/{rel}","templated":true}]}}