{"id":19,"date":"2025-01-13T22:37:32","date_gmt":"2025-01-13T22:37:32","guid":{"rendered":"https:\/\/joyaapples.com\/?page_id=19"},"modified":"2025-05-26T05:16:53","modified_gmt":"2025-05-26T05:16:53","slug":"meet-joya","status":"publish","type":"page","link":"https:\/\/joyaapples.com\/nb\/meet-joya\/","title":{"rendered":"M\u00f8t Joya"},"content":{"rendered":"<div class=\"wp-block-group heading-text-1 is-style-boxed add-padding-40 has-glowing-gold-background-color has-background is-location-default is-layout-constrained wp-block-group-is-layout-constrained\">\n<div class=\"wp-block-columns move-left is-layout-flex wp-container-core-columns-is-layout-9d6595d7 wp-block-columns-is-layout-flex\">\n<div class=\"wp-block-column is-layout-flow wp-block-column-is-layout-flow\" style=\"flex-basis:45%\">\n<figure class=\"wp-block-image size-full banner-image-left\"><img decoding=\"async\" src=\"https:\/\/joyaapples.com\/app\/uploads\/2025\/01\/3.png\" alt=\"\" class=\"wp-image-232\" style=\"aspect-ratio:1;object-fit:cover\"\/><\/figure>\n<\/div>\n\n\n\n<div class=\"wp-block-column is-vertically-aligned-center is-layout-flow wp-block-column-is-layout-flow\" style=\"flex-basis:55%\">\n<h2 class=\"wp-block-heading skewed wave-effect\">GODT UTSEENDE<\/h2>\n\n\n\n<h2 class=\"wp-block-heading skewed wave-effect header-padding-30\">FLOTT SMAK<\/h2>\n\n\n\n<p class=\"mobile-only\"><strong>Nytes for sin usl\u00e5elige crunch og balanserte smak, gir Joya\u00ae deg forfriskende smaker som f\u00e5r smaksl\u00f8kene til \u00e5 glitre og gir deg en eksplosjon av friskhet for \u00e5 booste dagen din! <\/strong><\/p>\n<\/div>\n<\/div>\n<\/div>\n\n\n\n<div class=\"wp-block-group is-style-boxed image-selection-none has-glowing-gold-background-color has-background is-location-default is-layout-constrained wp-block-group-is-layout-constrained\">\n<p class=\"is-style-width-three-fourth desktop-only has-4-xl-font-size\"><strong>Nytes for sin usl\u00e5elige crunch og balanserte smak, Joya\u00ae er ogs\u00e5 et vakkert eple med en sl\u00e5ende r\u00f8d fargetone. <\/strong><\/p>\n<\/div>\n\n\n\n<div class=\"wp-block-group heading-text-2 is-style-boxed image-selection-apple-vector image-position-top-left rotate-right-3 add-padding-300 has-glowing-gold-background-color has-background is-location-default is-layout-constrained wp-block-group-is-layout-constrained\">\n<div class=\"wp-block-columns is-layout-flex wp-container-core-columns-is-layout-9d6595d7 wp-block-columns-is-layout-flex\">\n<div class=\"wp-block-column is-vertically-aligned-center is-layout-flow wp-block-column-is-layout-flow\" style=\"flex-basis:49%\">\n<h4 class=\"wp-block-heading skewed wave-effect header-padding-20\">ALLTID CRUNCH,<\/h4>\n\n\n\n<h2 class=\"wp-block-heading skewed wave-effect\">ALLTID<\/h2>\n\n\n\n<h2 class=\"wp-block-heading skewed wave-effect header-padding-40\">HYGGELIG<\/h2>\n\n\n\n<p class=\"mobile-only\"><strong><strong>Elsket for sin langvarige knasende godhet, kan du ta Joya\u00ae med hvor som helst for en deilig matbit for \u00e5 lyse opp dagen din.<\/strong><\/strong><\/p>\n<\/div>\n\n\n\n<div class=\"wp-block-column is-layout-flow wp-block-column-is-layout-flow\" style=\"flex-basis:51%\">\n<figure class=\"wp-block-image size-full banner-image-right\"><img loading=\"lazy\" decoding=\"async\" width=\"2024\" height=\"1392\" src=\"https:\/\/joyaapples.com\/app\/uploads\/2025\/02\/lady_apple_squiggle.jpg\" alt=\"\" class=\"wp-image-728\" srcset=\"https:\/\/joyaapples.com\/app\/uploads\/2025\/02\/lady_apple_squiggle.jpg 2024w, https:\/\/joyaapples.com\/app\/uploads\/2025\/02\/lady_apple_squiggle-300x206.jpg 300w, https:\/\/joyaapples.com\/app\/uploads\/2025\/02\/lady_apple_squiggle-1024x704.jpg 1024w, https:\/\/joyaapples.com\/app\/uploads\/2025\/02\/lady_apple_squiggle-768x528.jpg 768w, https:\/\/joyaapples.com\/app\/uploads\/2025\/02\/lady_apple_squiggle-1536x1056.jpg 1536w, https:\/\/joyaapples.com\/app\/uploads\/2025\/02\/lady_apple_squiggle-18x12.jpg 18w\" sizes=\"auto, (max-width: 2024px) 100vw, 2024px\" \/><\/figure>\n<\/div>\n<\/div>\n<\/div>\n\n\n\n<div class=\"wp-block-group is-style-boxed has-glowing-gold-background-color has-background is-location-default is-layout-constrained wp-block-group-is-layout-constrained\">\n<p class=\"is-style-width-three-fourth desktop-only has-4-xl-font-size\"><strong>Elsket for sin langvarige knasende godhet, kan du ta Joya\u00ae med hvor som helst for en deilig matbit for \u00e5 lyse opp dagen din.<\/strong><\/p>\n<\/div>\n\n\n\n<div class=\"wp-block-group heading-text-1 is-style-boxed image-position-top-right-2 image-selection-apple-vector rotate-right-4 add-padding-300 has-glowing-gold-background-color has-background is-location-default is-layout-constrained wp-block-group-is-layout-constrained\">\n<div class=\"wp-block-columns is-layout-flex wp-container-core-columns-is-layout-9d6595d7 wp-block-columns-is-layout-flex\">\n<div class=\"wp-block-column is-layout-flow wp-block-column-is-layout-flow\" style=\"flex-basis:50%\">\n<figure class=\"wp-block-image size-full banner-image-left\"><img loading=\"lazy\" decoding=\"async\" width=\"1142\" height=\"1040\" src=\"https:\/\/joyaapples.com\/app\/uploads\/2025\/01\/230810_Joya_013-1-e1737946940630.jpg\" alt=\"\" class=\"wp-image-395\" style=\"aspect-ratio:1;object-fit:cover\" srcset=\"https:\/\/joyaapples.com\/app\/uploads\/2025\/01\/230810_Joya_013-1-e1737946940630.jpg 1142w, https:\/\/joyaapples.com\/app\/uploads\/2025\/01\/230810_Joya_013-1-e1737946940630-300x273.jpg 300w, https:\/\/joyaapples.com\/app\/uploads\/2025\/01\/230810_Joya_013-1-e1737946940630-1024x933.jpg 1024w, https:\/\/joyaapples.com\/app\/uploads\/2025\/01\/230810_Joya_013-1-e1737946940630-768x699.jpg 768w, https:\/\/joyaapples.com\/app\/uploads\/2025\/01\/230810_Joya_013-1-e1737946940630-13x12.jpg 13w\" sizes=\"auto, (max-width: 1142px) 100vw, 1142px\" \/><\/figure>\n<\/div>\n\n\n\n<div class=\"wp-block-column is-vertically-aligned-center is-layout-flow wp-block-column-is-layout-flow\" style=\"flex-basis:50%\">\n<h2 class=\"wp-block-heading skewed wave-effect\">SERTIFISERT<\/h2>\n\n\n\n<h2 class=\"wp-block-heading skewed wave-effect\">GLEDE<\/h2>\n\n\n\n<p class=\"mobile-only\"><strong>Vi tar glede p\u00e5 alvor. <\/strong><br><br><strong>Joya\u00ae-merket er din forsikring om at hvert eple oppfyller v\u00e5re h\u00f8ykvalitetsstandarder, slik at du kan velge Joya\u00ae med selvtillit.<\/strong><\/p>\n<\/div>\n<\/div>\n<\/div>\n\n\n\n<div class=\"wp-block-group is-style-boxed has-glowing-gold-background-color has-background is-location-default is-layout-constrained wp-block-group-is-layout-constrained\">\n<p class=\"is-style-width-three-fourth desktop-only has-4-xl-font-size\"><strong>Vi tar glede p\u00e5 alvor.<\/strong><br><br><strong>Joya\u00ae-merket er din forsikring om v\u00e5re h\u00f8ye kvalitetsstandarder, slik at du kan velge Joya\u00ae med tillit.<\/strong><\/p>\n<\/div>\n\n\n\n<div class=\"wp-block-group is-style-boxed image-position-top-right image-selection-apple-vector rotate-right-5 add-padding-300 hide-after has-glowing-gold-background-color has-background is-location-global is-layout-constrained wp-block-group-is-layout-constrained\">\n<div class=\"wp-block-group is-style-header-container is-location-default is-layout-constrained wp-block-group-is-layout-constrained\">\n<h1 class=\"wp-block-heading skewed-no-animate\">JOYA<strong>\u00ae<\/strong> OMKRING<\/h1>\n\n\n\n<h1 class=\"wp-block-heading skewed-no-animate\">VERDEN<\/h1>\n<\/div>\n\n\n\n<p class=\"add-padding-top has-4-xl-font-size\"><strong>Vi vokser over 2000 hektar med glede globalt. <\/strong><\/p>\n\n\n\n<div style=\"height:30px\" aria-hidden=\"true\" class=\"wp-block-spacer\"><\/div>\n\n\n\n<p class=\"has-4-xl-font-size\"><strong>Joya\u00ae nytes av epleelskere over hele Afrika, Asia, Europa, Gulfen og Storbritannia.<\/strong><\/p>\n\n\n\n<div class=\"wp-block-buttons is-layout-flex wp-block-buttons-is-layout-flex\">\n<div class=\"wp-block-button\"><a class=\"wp-block-button__link has-candy-red-color has-yellow-pop-background-color has-text-color has-background has-link-color wp-element-button\" href=\"https:\/\/joyaapples.com\/nb\/contact-us\/\">Kontakt oss<\/a><\/div>\n<\/div>\n<\/div>\n\n\n\n<div class=\"wp-block-group is-style-boxed image-position-top-right image-selection-apple-vector rotate-right-5 add-padding-300 hide-after has-glowing-gold-background-color has-background is-location-europe is-layout-constrained wp-block-group-is-layout-constrained\">\n<div class=\"wp-block-group is-style-header-container is-location-default is-layout-constrained wp-block-group-is-layout-constrained\">\n<h1 class=\"wp-block-heading skewed-no-animate\">VOKSET MED<\/h1>\n\n\n\n<h1 class=\"wp-block-heading skewed-no-animate\">LIDENSKAP<\/h1>\n<\/div>\n\n\n\n<p class=\"add-padding-top has-4-xl-font-size\"><strong>Vi vokser over 2000 hektar med glede globalt.<\/strong><br><strong>Joya dyrkes i Frankrike, Spania og Italia, og er elsket over hele Europa og er det ultimate sommereplet.<\/strong><\/p>\n\n\n\n<div style=\"height:30px\" aria-hidden=\"true\" class=\"wp-block-spacer\"><\/div>\n\n\n\n<p class=\"has-4-xl-font-size\"><strong>Joya\u00ae nytes av epleelskere over hele Europa. <\/strong><br><strong>Med 600 engasjerte dyrkere og over 650 frukthager vinner Joya hjerter med sin jevne spr\u00f8het og friskhet.<\/strong><\/p>\n\n\n\n<div class=\"wp-block-buttons is-layout-flex wp-block-buttons-is-layout-flex\">\n<div class=\"wp-block-button\"><a class=\"wp-block-button__link has-candy-red-color has-yellow-pop-background-color has-text-color has-background has-link-color wp-element-button\" href=\"https:\/\/joyaapples.com\/nb\/contact-us\/\">Kontakt oss<\/a><\/div>\n<\/div>\n<\/div>\n\n\n\n<div class=\"wp-block-group is-style-full-width is-location-default is-layout-constrained wp-block-group-is-layout-constrained\">\n<figure class=\"wp-block-image size-full\"><img loading=\"lazy\" decoding=\"async\" width=\"2560\" height=\"1996\" src=\"https:\/\/joyaapples.com\/app\/uploads\/2025\/01\/DSC7195_edit-scaled.jpg\" alt=\"\" class=\"wp-image-455\" srcset=\"https:\/\/joyaapples.com\/app\/uploads\/2025\/01\/DSC7195_edit-scaled.jpg 2560w, https:\/\/joyaapples.com\/app\/uploads\/2025\/01\/DSC7195_edit-300x234.jpg 300w, https:\/\/joyaapples.com\/app\/uploads\/2025\/01\/DSC7195_edit-1024x799.jpg 1024w, https:\/\/joyaapples.com\/app\/uploads\/2025\/01\/DSC7195_edit-768x599.jpg 768w, https:\/\/joyaapples.com\/app\/uploads\/2025\/01\/DSC7195_edit-1536x1198.jpg 1536w, https:\/\/joyaapples.com\/app\/uploads\/2025\/01\/DSC7195_edit-2048x1597.jpg 2048w, https:\/\/joyaapples.com\/app\/uploads\/2025\/01\/DSC7195_edit-15x12.jpg 15w\" sizes=\"auto, (max-width: 2560px) 100vw, 2560px\" \/><\/figure>\n<\/div>","protected":false},"excerpt":{"rendered":"<p>GODT UTSEENDE, FANTASTISK SMAK Joya\u00ae nytes for sin usl\u00e5elige spr\u00f8het og balanserte smak, og gir deg forfriskende smaker som f\u00e5r smaksl\u00f8kene dine til \u00e5 glitre og gir deg en eksplosjon av friskhet for \u00e5 booste dagen din! Joya\u00ae nytes for sin usl\u00e5elige spr\u00f8het og balanserte smak, og er ogs\u00e5 et vakkert eple med en sl\u00e5ende r\u00f8d fargetone. ALLTID SPR\u00d8, \u2026 <a href=\"https:\/\/joyaapples.com\/nb\/meet-joya\/\"><\/a><\/p>","protected":false},"author":1,"featured_media":0,"parent":0,"menu_order":0,"comment_status":"closed","ping_status":"closed","template":"","meta":{"_acf_changed":false,"footnotes":""},"class_list":["post-19","page","type-page","status-publish","hentry"],"acf":[],"yoast_head":"<!-- This site is optimized with the Yoast SEO plugin v25.8 - https:\/\/yoast.com\/wordpress\/plugins\/seo\/ -->\n<title>Meet Joya - Joya Apples Website<\/title>\n<meta name=\"robots\" content=\"index, follow, max-snippet:-1, max-image-preview:large, max-video-preview:-1\" \/>\n<link rel=\"canonical\" href=\"https:\/\/joyaapples.com\/nb\/meet-joya\/\" \/>\n<meta property=\"og:locale\" content=\"nb_NO\" \/>\n<meta property=\"og:type\" content=\"article\" \/>\n<meta property=\"og:title\" content=\"Meet Joya - Joya Apples Website\" \/>\n<meta property=\"og:description\" content=\"GOOD LOOKS GREAT TASTE Enjoyed for its unbeatable crunch and balanced flavour, Joya\u00ae brings you invigorating flavours that make your taste buds sparkle and give you an explosion of freshness to boost your day! Enjoyed for its unbeatable crunch and balanced flavour, Joya\u00ae is also a beautiful apple with a striking red hue. ALWAYS CRUNCHY, &hellip;\" \/>\n<meta property=\"og:url\" content=\"https:\/\/joyaapples.com\/nb\/meet-joya\/\" \/>\n<meta property=\"og:site_name\" content=\"Joya Apples Website\" \/>\n<meta property=\"article:modified_time\" content=\"2025-05-26T05:16:53+00:00\" \/>\n<meta property=\"og:image\" content=\"https:\/\/joyaapples.com\/app\/uploads\/2025\/01\/3.png\" \/>\n<meta name=\"twitter:card\" content=\"summary_large_image\" \/>\n<meta name=\"twitter:label1\" content=\"Est. reading time\" \/>\n\t<meta name=\"twitter:data1\" content=\"1 minute\" \/>\n<script type=\"application\/ld+json\" class=\"yoast-schema-graph\">{\"@context\":\"https:\/\/schema.org\",\"@graph\":[{\"@type\":\"WebPage\",\"@id\":\"https:\/\/joyaapples.com\/meet-joya\/\",\"url\":\"https:\/\/joyaapples.com\/meet-joya\/\",\"name\":\"Meet Joya - Joya Apples Website\",\"isPartOf\":{\"@id\":\"https:\/\/joyaapples.com\/fr\/#website\"},\"primaryImageOfPage\":{\"@id\":\"https:\/\/joyaapples.com\/meet-joya\/#primaryimage\"},\"image\":{\"@id\":\"https:\/\/joyaapples.com\/meet-joya\/#primaryimage\"},\"thumbnailUrl\":\"https:\/\/joyaapples.com\/app\/uploads\/2025\/01\/3.png\",\"datePublished\":\"2025-01-13T22:37:32+00:00\",\"dateModified\":\"2025-05-26T05:16:53+00:00\",\"breadcrumb\":{\"@id\":\"https:\/\/joyaapples.com\/meet-joya\/#breadcrumb\"},\"inLanguage\":\"nb-NO\",\"potentialAction\":[{\"@type\":\"ReadAction\",\"target\":[\"https:\/\/joyaapples.com\/meet-joya\/\"]}]},{\"@type\":\"ImageObject\",\"inLanguage\":\"nb-NO\",\"@id\":\"https:\/\/joyaapples.com\/meet-joya\/#primaryimage\",\"url\":\"https:\/\/joyaapples.com\/app\/uploads\/2025\/01\/3.png\",\"contentUrl\":\"https:\/\/joyaapples.com\/app\/uploads\/2025\/01\/3.png\"},{\"@type\":\"BreadcrumbList\",\"@id\":\"https:\/\/joyaapples.com\/meet-joya\/#breadcrumb\",\"itemListElement\":[{\"@type\":\"ListItem\",\"position\":1,\"name\":\"Home\",\"item\":\"https:\/\/joyaapples.com\/\"},{\"@type\":\"ListItem\",\"position\":2,\"name\":\"Meet Joya\"}]},{\"@type\":\"WebSite\",\"@id\":\"https:\/\/joyaapples.com\/fr\/#website\",\"url\":\"https:\/\/joyaapples.com\/fr\/\",\"name\":\"Joya Apples Website\",\"description\":\"\",\"potentialAction\":[{\"@type\":\"SearchAction\",\"target\":{\"@type\":\"EntryPoint\",\"urlTemplate\":\"https:\/\/joyaapples.com\/fr\/?s={search_term_string}\"},\"query-input\":{\"@type\":\"PropertyValueSpecification\",\"valueRequired\":true,\"valueName\":\"search_term_string\"}}],\"inLanguage\":\"nb-NO\"}]}<\/script>\n<!-- \/ Yoast SEO plugin. -->","yoast_head_json":{"title":"Meet Joya - Joya Apples Website","robots":{"index":"index","follow":"follow","max-snippet":"max-snippet:-1","max-image-preview":"max-image-preview:large","max-video-preview":"max-video-preview:-1"},"canonical":"https:\/\/joyaapples.com\/nb\/meet-joya\/","og_locale":"nb_NO","og_type":"article","og_title":"Meet Joya - Joya Apples Website","og_description":"GOOD LOOKS GREAT TASTE Enjoyed for its unbeatable crunch and balanced flavour, Joya\u00ae brings you invigorating flavours that make your taste buds sparkle and give you an explosion of freshness to boost your day! Enjoyed for its unbeatable crunch and balanced flavour, Joya\u00ae is also a beautiful apple with a striking red hue. ALWAYS CRUNCHY, &hellip;","og_url":"https:\/\/joyaapples.com\/nb\/meet-joya\/","og_site_name":"Joya Apples Website","article_modified_time":"2025-05-26T05:16:53+00:00","og_image":[{"url":"https:\/\/joyaapples.com\/app\/uploads\/2025\/01\/3.png","type":"","width":"","height":""}],"twitter_card":"summary_large_image","twitter_misc":{"Est. reading time":"1 minute"},"schema":{"@context":"https:\/\/schema.org","@graph":[{"@type":"WebPage","@id":"https:\/\/joyaapples.com\/meet-joya\/","url":"https:\/\/joyaapples.com\/meet-joya\/","name":"Meet Joya - Joya Apples Website","isPartOf":{"@id":"https:\/\/joyaapples.com\/fr\/#website"},"primaryImageOfPage":{"@id":"https:\/\/joyaapples.com\/meet-joya\/#primaryimage"},"image":{"@id":"https:\/\/joyaapples.com\/meet-joya\/#primaryimage"},"thumbnailUrl":"https:\/\/joyaapples.com\/app\/uploads\/2025\/01\/3.png","datePublished":"2025-01-13T22:37:32+00:00","dateModified":"2025-05-26T05:16:53+00:00","breadcrumb":{"@id":"https:\/\/joyaapples.com\/meet-joya\/#breadcrumb"},"inLanguage":"nb-NO","potentialAction":[{"@type":"ReadAction","target":["https:\/\/joyaapples.com\/meet-joya\/"]}]},{"@type":"ImageObject","inLanguage":"nb-NO","@id":"https:\/\/joyaapples.com\/meet-joya\/#primaryimage","url":"https:\/\/joyaapples.com\/app\/uploads\/2025\/01\/3.png","contentUrl":"https:\/\/joyaapples.com\/app\/uploads\/2025\/01\/3.png"},{"@type":"BreadcrumbList","@id":"https:\/\/joyaapples.com\/meet-joya\/#breadcrumb","itemListElement":[{"@type":"ListItem","position":1,"name":"Home","item":"https:\/\/joyaapples.com\/"},{"@type":"ListItem","position":2,"name":"Meet Joya"}]},{"@type":"WebSite","@id":"https:\/\/joyaapples.com\/fr\/#website","url":"https:\/\/joyaapples.com\/fr\/","name":"Joya Apples Website","description":"","potentialAction":[{"@type":"SearchAction","target":{"@type":"EntryPoint","urlTemplate":"https:\/\/joyaapples.com\/fr\/?s={search_term_string}"},"query-input":{"@type":"PropertyValueSpecification","valueRequired":true,"valueName":"search_term_string"}}],"inLanguage":"nb-NO"}]}},"_links":{"self":[{"href":"https:\/\/joyaapples.com\/nb\/wp-json\/wp\/v2\/pages\/19","targetHints":{"allow":["GET"]}}],"collection":[{"href":"https:\/\/joyaapples.com\/nb\/wp-json\/wp\/v2\/pages"}],"about":[{"href":"https:\/\/joyaapples.com\/nb\/wp-json\/wp\/v2\/types\/page"}],"author":[{"embeddable":true,"href":"https:\/\/joyaapples.com\/nb\/wp-json\/wp\/v2\/users\/1"}],"replies":[{"embeddable":true,"href":"https:\/\/joyaapples.com\/nb\/wp-json\/wp\/v2\/comments?post=19"}],"version-history":[{"count":259,"href":"https:\/\/joyaapples.com\/nb\/wp-json\/wp\/v2\/pages\/19\/revisions"}],"predecessor-version":[{"id":934,"href":"https:\/\/joyaapples.com\/nb\/wp-json\/wp\/v2\/pages\/19\/revisions\/934"}],"wp:attachment":[{"href":"https:\/\/joyaapples.com\/nb\/wp-json\/wp\/v2\/media?parent=19"}],"curies":[{"name":"wp","href":"https:\/\/api.w.org\/{rel}","templated":true}]}}