{"id":16,"date":"2025-01-13T22:34:34","date_gmt":"2025-01-13T22:34:34","guid":{"rendered":"https:\/\/joyaapples.com\/?page_id=16"},"modified":"2025-09-01T23:31:38","modified_gmt":"2025-09-01T23:31:38","slug":"homepage","status":"publish","type":"page","link":"https:\/\/joyaapples.com\/sv\/","title":{"rendered":"Hemsida"},"content":{"rendered":"<div class=\"wp-block-group is-style-boxed image-position-top-right image-selection-apple add-padding-360 has-glowing-gold-background-color has-background is-location-default is-layout-constrained wp-block-group-is-layout-constrained\">\n<div class=\"wp-block-group is-style-header-container is-location-default is-layout-constrained wp-block-group-is-layout-constrained\">\n<h1 class=\"wp-block-heading skewed-no-animate\">INTRODUCERAR<\/h1>\n\n\n\n<h1 class=\"wp-block-heading skewed-no-animate\">JOYA\u00ae<\/h1>\n<\/div>\n\n\n\n<p class=\"add-padding-top is-style-width-three-fourth\"><strong>Oavsett om den avnjuts direkt fr\u00e5n fruktsk\u00e5len eller p\u00e5 spr\u00e5ng kan du lita p\u00e5 Joya\u00ae f\u00f6r en uppiggande crunch i varje l\u00e4cker tugga.<\/strong><\/p>\n\n\n\n<div class=\"wp-block-buttons is-layout-flex wp-block-buttons-is-layout-flex\">\n<div class=\"wp-block-button find-out-more\"><a class=\"wp-block-button__link has-candy-red-color has-yellow-pop-background-color has-text-color has-background has-link-color wp-element-button\" href=\"https:\/\/joyaapples.com\/sv\/meet-joya\/\">Ta reda p\u00e5 mer<\/a><\/div>\n<\/div>\n<\/div>\n\n\n\n<div class=\"wp-block-group rotate-right-2 image-selection-apple-vector image-position-center-left is-style-full-width hide-after is-location-default is-layout-constrained wp-block-group-is-layout-constrained\">\n<figure class=\"wp-block-image size-full hidden\"><img loading=\"lazy\" decoding=\"async\" width=\"2560\" height=\"1385\" src=\"https:\/\/joyaapples.com\/app\/uploads\/2025\/01\/Joya-Tote-scaled.jpg\" alt=\"\" class=\"wp-image-121\" srcset=\"https:\/\/joyaapples.com\/app\/uploads\/2025\/01\/Joya-Tote-scaled.jpg 2560w, https:\/\/joyaapples.com\/app\/uploads\/2025\/01\/Joya-Tote-300x162.jpg 300w, https:\/\/joyaapples.com\/app\/uploads\/2025\/01\/Joya-Tote-1024x554.jpg 1024w, https:\/\/joyaapples.com\/app\/uploads\/2025\/01\/Joya-Tote-768x416.jpg 768w, https:\/\/joyaapples.com\/app\/uploads\/2025\/01\/Joya-Tote-1536x831.jpg 1536w, https:\/\/joyaapples.com\/app\/uploads\/2025\/01\/Joya-Tote-2048x1108.jpg 2048w, https:\/\/joyaapples.com\/app\/uploads\/2025\/01\/Joya-Tote-18x10.jpg 18w\" sizes=\"auto, (max-width: 2560px) 100vw, 2560px\" \/><\/figure>\n\n\n\n<figure class=\"wp-block-video\"><video autoplay loop muted src=\"https:\/\/joyaapples.com\/app\/uploads\/2025\/07\/Joya-Website-Video_Trimmed-withoutdog.mp4\" playsinline><\/video><\/figure>\n<\/div>\n\n\n\n<div class=\"wp-block-group is-style-boxed has-off-white-background-color has-background is-location-default is-layout-constrained wp-block-group-is-layout-constrained\">\n<p class=\"is-style-width-two-thirds\"><strong>Joyas \u00f6verl\u00e4gsna prestanda och soliga l\u00e4ggning ger lite gl\u00e4dje till varje dag.<\/strong><\/p>\n\n\n\n<div style=\"height:30px\" aria-hidden=\"true\" class=\"wp-block-spacer\"><\/div>\n\n\n\n<p class=\"is-style-width-two-thirds\"><strong>Se hur vi firar Joy p\u00e5 v\u00e5ra regionala sociala kanaler.<\/strong><\/p>\n\n\n\n<div id=\"curator-feed-joyaapples-layout\"><a href=\"https:\/\/curator.io\" target=\"_blank\" class=\"crt-logo crt-tag\">Drivs av Curator.io<\/a><\/div>\n\n<script type=\"text\/javascript\">\n\/* curator-feed-joyaapples-layout *\/\n(function(){\nvar i,e,d=document,s=\"script\";i=d.createElement(\"script\");i.async=1;i.charset=\"UTF-8\";\ni.src=\"https:\/\/cdn.curator.io\/published\/1aa10742-b0c4-4bb9-86b1-f7406b3f3a5d.js\";\ne=d.getElementsByTagName(s)[0];e.parentNode.insertBefore(i, e);\n})();\n<\/script>\n<\/div>","protected":false},"excerpt":{"rendered":"<p>INTRODUCING JOYA\u00ae Whether enjoyed straight from the fruit bowl, or on the go, you can count on Joya\u00ae for an invigorating crunch in every delicious bite. Joya\u2019s superior performance and sunny disposition adds a little joy to every day. See how we celebrate Joy on our regional social channels. Powered by Curator.io<\/p>","protected":false},"author":1,"featured_media":0,"parent":0,"menu_order":0,"comment_status":"closed","ping_status":"closed","template":"","meta":{"_acf_changed":false,"footnotes":""},"class_list":["post-16","page","type-page","status-publish","hentry"],"acf":[],"yoast_head":"<!-- This site is optimized with the Yoast SEO plugin v25.8 - https:\/\/yoast.com\/wordpress\/plugins\/seo\/ -->\n<title>Homepage - Joya Apples Website<\/title>\n<meta name=\"robots\" content=\"index, follow, max-snippet:-1, max-image-preview:large, max-video-preview:-1\" \/>\n<link rel=\"canonical\" href=\"https:\/\/joyaapples.com\/sv\/\" \/>\n<meta property=\"og:locale\" content=\"sv_SE\" \/>\n<meta property=\"og:type\" content=\"article\" \/>\n<meta property=\"og:title\" content=\"Homepage - Joya Apples Website\" \/>\n<meta property=\"og:description\" content=\"INTRODUCING JOYA\u00ae Whether enjoyed straight from the fruit bowl, or on the go, you can count on Joya\u00ae for an invigorating crunch in every delicious bite. Joya\u2019s superior performance and sunny disposition adds a little joy to every day. See how we celebrate Joy on our regional social channels. Powered by Curator.io\" \/>\n<meta property=\"og:url\" content=\"https:\/\/joyaapples.com\/sv\/\" \/>\n<meta property=\"og:site_name\" content=\"Joya Apples Website\" \/>\n<meta property=\"article:modified_time\" content=\"2025-09-01T23:31:38+00:00\" \/>\n<meta property=\"og:image\" content=\"https:\/\/joyaapples.com\/app\/uploads\/2025\/01\/Joya-Tote-scaled.jpg\" \/>\n\t<meta property=\"og:image:width\" content=\"2560\" \/>\n\t<meta property=\"og:image:height\" content=\"1385\" \/>\n\t<meta property=\"og:image:type\" content=\"image\/jpeg\" \/>\n<meta name=\"twitter:card\" content=\"summary_large_image\" \/>\n<meta name=\"twitter:label1\" content=\"Est. reading time\" \/>\n\t<meta name=\"twitter:data1\" content=\"1 minute\" \/>\n<script type=\"application\/ld+json\" class=\"yoast-schema-graph\">{\"@context\":\"https:\/\/schema.org\",\"@graph\":[{\"@type\":\"WebPage\",\"@id\":\"https:\/\/joyaapples.com\/\",\"url\":\"https:\/\/joyaapples.com\/\",\"name\":\"Homepage - Joya Apples Website\",\"isPartOf\":{\"@id\":\"https:\/\/joyaapples.com\/fr\/#website\"},\"primaryImageOfPage\":{\"@id\":\"https:\/\/joyaapples.com\/#primaryimage\"},\"image\":{\"@id\":\"https:\/\/joyaapples.com\/#primaryimage\"},\"thumbnailUrl\":\"https:\/\/joyaapples.com\/app\/uploads\/2025\/01\/Joya-Tote-scaled.jpg\",\"datePublished\":\"2025-01-13T22:34:34+00:00\",\"dateModified\":\"2025-09-01T23:31:38+00:00\",\"breadcrumb\":{\"@id\":\"https:\/\/joyaapples.com\/#breadcrumb\"},\"inLanguage\":\"sv-SE\",\"potentialAction\":[{\"@type\":\"ReadAction\",\"target\":[\"https:\/\/joyaapples.com\/\"]}]},{\"@type\":\"ImageObject\",\"inLanguage\":\"sv-SE\",\"@id\":\"https:\/\/joyaapples.com\/#primaryimage\",\"url\":\"https:\/\/joyaapples.com\/app\/uploads\/2025\/01\/Joya-Tote-scaled.jpg\",\"contentUrl\":\"https:\/\/joyaapples.com\/app\/uploads\/2025\/01\/Joya-Tote-scaled.jpg\"},{\"@type\":\"BreadcrumbList\",\"@id\":\"https:\/\/joyaapples.com\/#breadcrumb\",\"itemListElement\":[{\"@type\":\"ListItem\",\"position\":1,\"name\":\"Home\",\"item\":\"https:\/\/joyaapples.com\/\"},{\"@type\":\"ListItem\",\"position\":2,\"name\":\"Homepage\"}]},{\"@type\":\"WebSite\",\"@id\":\"https:\/\/joyaapples.com\/fr\/#website\",\"url\":\"https:\/\/joyaapples.com\/fr\/\",\"name\":\"Joya Apples Website\",\"description\":\"\",\"potentialAction\":[{\"@type\":\"SearchAction\",\"target\":{\"@type\":\"EntryPoint\",\"urlTemplate\":\"https:\/\/joyaapples.com\/fr\/?s={search_term_string}\"},\"query-input\":{\"@type\":\"PropertyValueSpecification\",\"valueRequired\":true,\"valueName\":\"search_term_string\"}}],\"inLanguage\":\"sv-SE\"}]}<\/script>\n<!-- \/ Yoast SEO plugin. -->","yoast_head_json":{"title":"Homepage - Joya Apples Website","robots":{"index":"index","follow":"follow","max-snippet":"max-snippet:-1","max-image-preview":"max-image-preview:large","max-video-preview":"max-video-preview:-1"},"canonical":"https:\/\/joyaapples.com\/sv\/","og_locale":"sv_SE","og_type":"article","og_title":"Homepage - Joya Apples Website","og_description":"INTRODUCING JOYA\u00ae Whether enjoyed straight from the fruit bowl, or on the go, you can count on Joya\u00ae for an invigorating crunch in every delicious bite. Joya\u2019s superior performance and sunny disposition adds a little joy to every day. See how we celebrate Joy on our regional social channels. Powered by Curator.io","og_url":"https:\/\/joyaapples.com\/sv\/","og_site_name":"Joya Apples Website","article_modified_time":"2025-09-01T23:31:38+00:00","og_image":[{"width":2560,"height":1385,"url":"https:\/\/joyaapples.com\/app\/uploads\/2025\/01\/Joya-Tote-scaled.jpg","type":"image\/jpeg"}],"twitter_card":"summary_large_image","twitter_misc":{"Est. reading time":"1 minute"},"schema":{"@context":"https:\/\/schema.org","@graph":[{"@type":"WebPage","@id":"https:\/\/joyaapples.com\/","url":"https:\/\/joyaapples.com\/","name":"Homepage - Joya Apples Website","isPartOf":{"@id":"https:\/\/joyaapples.com\/fr\/#website"},"primaryImageOfPage":{"@id":"https:\/\/joyaapples.com\/#primaryimage"},"image":{"@id":"https:\/\/joyaapples.com\/#primaryimage"},"thumbnailUrl":"https:\/\/joyaapples.com\/app\/uploads\/2025\/01\/Joya-Tote-scaled.jpg","datePublished":"2025-01-13T22:34:34+00:00","dateModified":"2025-09-01T23:31:38+00:00","breadcrumb":{"@id":"https:\/\/joyaapples.com\/#breadcrumb"},"inLanguage":"sv-SE","potentialAction":[{"@type":"ReadAction","target":["https:\/\/joyaapples.com\/"]}]},{"@type":"ImageObject","inLanguage":"sv-SE","@id":"https:\/\/joyaapples.com\/#primaryimage","url":"https:\/\/joyaapples.com\/app\/uploads\/2025\/01\/Joya-Tote-scaled.jpg","contentUrl":"https:\/\/joyaapples.com\/app\/uploads\/2025\/01\/Joya-Tote-scaled.jpg"},{"@type":"BreadcrumbList","@id":"https:\/\/joyaapples.com\/#breadcrumb","itemListElement":[{"@type":"ListItem","position":1,"name":"Home","item":"https:\/\/joyaapples.com\/"},{"@type":"ListItem","position":2,"name":"Homepage"}]},{"@type":"WebSite","@id":"https:\/\/joyaapples.com\/fr\/#website","url":"https:\/\/joyaapples.com\/fr\/","name":"Joya Apples Website","description":"","potentialAction":[{"@type":"SearchAction","target":{"@type":"EntryPoint","urlTemplate":"https:\/\/joyaapples.com\/fr\/?s={search_term_string}"},"query-input":{"@type":"PropertyValueSpecification","valueRequired":true,"valueName":"search_term_string"}}],"inLanguage":"sv-SE"}]}},"_links":{"self":[{"href":"https:\/\/joyaapples.com\/sv\/wp-json\/wp\/v2\/pages\/16","targetHints":{"allow":["GET"]}}],"collection":[{"href":"https:\/\/joyaapples.com\/sv\/wp-json\/wp\/v2\/pages"}],"about":[{"href":"https:\/\/joyaapples.com\/sv\/wp-json\/wp\/v2\/types\/page"}],"author":[{"embeddable":true,"href":"https:\/\/joyaapples.com\/sv\/wp-json\/wp\/v2\/users\/1"}],"replies":[{"embeddable":true,"href":"https:\/\/joyaapples.com\/sv\/wp-json\/wp\/v2\/comments?post=16"}],"version-history":[{"count":253,"href":"https:\/\/joyaapples.com\/sv\/wp-json\/wp\/v2\/pages\/16\/revisions"}],"predecessor-version":[{"id":5511,"href":"https:\/\/joyaapples.com\/sv\/wp-json\/wp\/v2\/pages\/16\/revisions\/5511"}],"wp:attachment":[{"href":"https:\/\/joyaapples.com\/sv\/wp-json\/wp\/v2\/media?parent=16"}],"curies":[{"name":"wp","href":"https:\/\/api.w.org\/{rel}","templated":true}]}}