{"id":27,"date":"2025-01-13T22:38:59","date_gmt":"2025-01-13T22:38:59","guid":{"rendered":"https:\/\/joyaapples.com\/?page_id=27"},"modified":"2025-05-27T01:02:53","modified_gmt":"2025-05-27T01:02:53","slug":"news","status":"publish","type":"page","link":"https:\/\/joyaapples.com\/zh_tw\/news\/","title":{"rendered":"\u597d\u6d88\u606f"},"content":{"rendered":"<div class=\"wp-block-group is-style-post-container is-location-default is-layout-constrained wp-block-group-is-layout-constrained\">\n<div class=\"wp-block-query is-layout-flow wp-block-query-is-layout-flow\"><ul class=\"wp-block-post-template is-layout-flow wp-block-post-template-is-layout-flow\"><li class=\"wp-block-post post-6223 post type-post status-publish format-standard hentry category-uncategorized\">\n\n<div class=\"wp-block-columns is-layout-flex wp-container-core-columns-is-layout-9d6595d7 wp-block-columns-is-layout-flex\">\n<div class=\"wp-block-column is-layout-flow wp-block-column-is-layout-flow\"><\/div>\n\n\n\n<div class=\"wp-block-column is-layout-flow wp-block-column-is-layout-flow\"><h3 class=\"wp-block-post-title\"><a href=\"https:\/\/joyaapples.com\/zh_tw\/spotlight-on-new-season-south-african-joya-supply\/\" target=\"_self\" >\u805a\u7126\u65b0\u4e00\u5b63\u5357\u975e Joya\u00ae \u4f9b\u61c9<\/a><\/h3>\n\n<div class=\"has-link-color wp-elements-aeb86e1242a2f44bef700dcdf1b6f0ef wp-block-post-excerpt has-text-color has-purple-pop-color\"><p class=\"wp-block-post-excerpt__excerpt\">South Africa\u2019s Joya\u00ae apple production is entering a new growth phase underpinned by the high-colour RDS variety, with the early 2025\u20132026 season showing promising increases in both output and market penetration. The southern hemisphere season, stretching from July 2025 through to March 2026, is expected to expand the footprint of Joya\u00ae in Asia, particularly with &hellip;<\/p><p class=\"wp-block-post-excerpt__more-text\"><a class=\"wp-block-post-excerpt__more-link\" href=\"https:\/\/joyaapples.com\/zh_tw\/spotlight-on-new-season-south-african-joya-supply\/\">\u95b1\u8b80\u66f4\u591a<\/a><\/p><\/div><\/div>\n<\/div>\n\n<\/li><li class=\"wp-block-post post-6216 post type-post status-publish format-standard hentry category-uncategorized\">\n\n<div class=\"wp-block-columns is-layout-flex wp-container-core-columns-is-layout-9d6595d7 wp-block-columns-is-layout-flex\">\n<div class=\"wp-block-column is-layout-flow wp-block-column-is-layout-flow\"><\/div>\n\n\n\n<div class=\"wp-block-column is-layout-flow wp-block-column-is-layout-flow\"><h3 class=\"wp-block-post-title\"><a href=\"https:\/\/joyaapples.com\/zh_tw\/joya-apples-shine-at-asia-fruit-logistica\/\" target=\"_self\" >Joya\u00ae\u860b\u679c\u5728\u4e9e\u6d32\u570b\u969b\u852c\u679c\u5c55\u4e0a\u5927\u653e\u7570\u5f69<\/a><\/h3>\n\n<div class=\"has-link-color wp-elements-aeb86e1242a2f44bef700dcdf1b6f0ef wp-block-post-excerpt has-text-color has-purple-pop-color\"><p class=\"wp-block-post-excerpt__excerpt\">The Joya\u00ae\u00a0brand returned to Hong Kong this September for Asia Fruit Logistica, featuring the brand\u2019s biggest and boldest AFL presence yet! Over 14,000 people from across 70 countries descended on AsiaWorld-Expo over the trade fair&#8217;s three days, providing excellent brand exposure and the opportunity to further embed Joya\u00ae in the minds of consumers. Showcasing arresting &hellip;<\/p><p class=\"wp-block-post-excerpt__more-text\"><a class=\"wp-block-post-excerpt__more-link\" href=\"https:\/\/joyaapples.com\/zh_tw\/joya-apples-shine-at-asia-fruit-logistica\/\">\u95b1\u8b80\u66f4\u591a<\/a><\/p><\/div><\/div>\n<\/div>\n\n<\/li><li class=\"wp-block-post post-6248 post type-post status-publish format-standard hentry category-uncategorized\">\n\n<div class=\"wp-block-columns is-layout-flex wp-container-core-columns-is-layout-9d6595d7 wp-block-columns-is-layout-flex\">\n<div class=\"wp-block-column is-layout-flow wp-block-column-is-layout-flow\"><\/div>\n\n\n\n<div class=\"wp-block-column is-layout-flow wp-block-column-is-layout-flow\"><h3 class=\"wp-block-post-title\"><a href=\"https:\/\/joyaapples.com\/zh_tw\/joya-apples-rock-out-at-french-music-festival\/\" target=\"_self\" >Joya\u00ae \u860b\u679c\u5728\u6cd5\u570b\u97f3\u6a02\u7bc0\u5927\u653e\u7570\u5f69<\/a><\/h3>\n\n<div class=\"has-link-color wp-elements-aeb86e1242a2f44bef700dcdf1b6f0ef wp-block-post-excerpt has-text-color has-purple-pop-color\"><p class=\"wp-block-post-excerpt__excerpt\">For the second year running, Joya\u00ae partnered with one of France&#8217;s historic music festivals, Les Francofolies, to create a harmonious on-site experience, with the delicious combination of fruit, fun and freshness further amplifying the festival&#8217;s buoyant energy. Delivering strong brand visibility and meaningful engagement with the primary target audience of 30\u201350-year-olds, the activation was designed &hellip;<\/p><p class=\"wp-block-post-excerpt__more-text\"><a class=\"wp-block-post-excerpt__more-link\" href=\"https:\/\/joyaapples.com\/zh_tw\/joya-apples-rock-out-at-french-music-festival\/\">\u95b1\u8b80\u66f4\u591a<\/a><\/p><\/div><\/div>\n<\/div>\n\n<\/li><li class=\"wp-block-post post-6210 post type-post status-publish format-standard hentry category-uncategorized\">\n\n<div class=\"wp-block-columns is-layout-flex wp-container-core-columns-is-layout-9d6595d7 wp-block-columns-is-layout-flex\">\n<div class=\"wp-block-column is-layout-flow wp-block-column-is-layout-flow\"><\/div>\n\n\n\n<div class=\"wp-block-column is-layout-flow wp-block-column-is-layout-flow\"><h3 class=\"wp-block-post-title\"><a href=\"https:\/\/joyaapples.com\/zh_tw\/dynamic-uk-wide-marketing-activations-deliver-the-good-news\/\" target=\"_self\" >\u82f1\u570b\u5404\u5730\u52d5\u614b\u884c\u92b7\u6d3b\u52d5\u5e36\u4f86\u597d\u6d88\u606f<\/a><\/h3>\n\n<div class=\"has-link-color wp-elements-aeb86e1242a2f44bef700dcdf1b6f0ef wp-block-post-excerpt has-text-color has-purple-pop-color\"><p class=\"wp-block-post-excerpt__excerpt\">Fully branded Joya\u00ae apples have officially landed on UK shelves this August, bringing their beautiful red blush skin, juicy taste and dependable crunch to shoppers in Sainsbury\u2019s and Aldi. From a commercial perspective, securing listings in both Sainsbury\u2019s and Aldi marks a significant win for Joya\u00ae, injecting fresh energy into the category, increased shopper engagement &hellip;<\/p><p class=\"wp-block-post-excerpt__more-text\"><a class=\"wp-block-post-excerpt__more-link\" href=\"https:\/\/joyaapples.com\/zh_tw\/dynamic-uk-wide-marketing-activations-deliver-the-good-news\/\">\u95b1\u8b80\u66f4\u591a<\/a><\/p><\/div><\/div>\n<\/div>\n\n<\/li><li class=\"wp-block-post post-6196 post type-post status-publish format-standard has-post-thumbnail hentry category-uncategorized\">\n\n<div class=\"wp-block-columns is-layout-flex wp-container-core-columns-is-layout-9d6595d7 wp-block-columns-is-layout-flex\">\n<div class=\"wp-block-column is-layout-flow wp-block-column-is-layout-flow\"><figure class=\"wp-block-post-featured-image\"><a href=\"https:\/\/joyaapples.com\/zh_tw\/africa-prepares-for-a-mouthwatering-joya-season\/\" target=\"_self\"  ><img loading=\"lazy\" decoding=\"async\" width=\"2267\" height=\"1276\" src=\"https:\/\/joyaapples.com\/app\/uploads\/2025\/09\/South-Africa-pic-1_16.9.jpg\" class=\"attachment-post-thumbnail size-post-thumbnail wp-post-image\" alt=\"Africa prepares for a delicious Joya\u00ae season\" style=\"object-fit:cover;\" srcset=\"https:\/\/joyaapples.com\/app\/uploads\/2025\/09\/South-Africa-pic-1_16.9.jpg 2267w, https:\/\/joyaapples.com\/app\/uploads\/2025\/09\/South-Africa-pic-1_16.9-300x169.jpg 300w, https:\/\/joyaapples.com\/app\/uploads\/2025\/09\/South-Africa-pic-1_16.9-1024x576.jpg 1024w, https:\/\/joyaapples.com\/app\/uploads\/2025\/09\/South-Africa-pic-1_16.9-768x432.jpg 768w, https:\/\/joyaapples.com\/app\/uploads\/2025\/09\/South-Africa-pic-1_16.9-1536x865.jpg 1536w, https:\/\/joyaapples.com\/app\/uploads\/2025\/09\/South-Africa-pic-1_16.9-2048x1153.jpg 2048w, https:\/\/joyaapples.com\/app\/uploads\/2025\/09\/South-Africa-pic-1_16.9-18x10.jpg 18w\" sizes=\"auto, (max-width: 2267px) 100vw, 2267px\" \/><\/a><\/figure><\/div>\n\n\n\n<div class=\"wp-block-column is-layout-flow wp-block-column-is-layout-flow\"><h3 class=\"wp-block-post-title\"><a href=\"https:\/\/joyaapples.com\/zh_tw\/africa-prepares-for-a-mouthwatering-joya-season\/\" target=\"_self\" >\u975e\u6d32\u6b63\u6e96\u5099\u8fce\u63a5\u7f8e\u5473\u7684 Joya\u00ae \u5b63\u7bc0<\/a><\/h3>\n\n<div class=\"has-link-color wp-elements-aeb86e1242a2f44bef700dcdf1b6f0ef wp-block-post-excerpt has-text-color has-purple-pop-color\"><p class=\"wp-block-post-excerpt__excerpt\">Fresh new marketing campaigns are rolling out across South Africa and Nigeria over the coming months, positioning Joya\u00ae as the bright, feel-good apple for busy lives and the ultimate summer snack for an on-the-go energy boost. As of week 36, African sales are up 236% year-on-year, with these targeted campaigns aimed at capitalising on this &hellip;<\/p><p class=\"wp-block-post-excerpt__more-text\"><a class=\"wp-block-post-excerpt__more-link\" href=\"https:\/\/joyaapples.com\/zh_tw\/africa-prepares-for-a-mouthwatering-joya-season\/\">\u95b1\u8b80\u66f4\u591a<\/a><\/p><\/div><\/div>\n<\/div>\n\n<\/li><li class=\"wp-block-post post-935 post type-post status-publish format-standard has-post-thumbnail hentry category-uncategorized\">\n\n<div class=\"wp-block-columns is-layout-flex wp-container-core-columns-is-layout-9d6595d7 wp-block-columns-is-layout-flex\">\n<div class=\"wp-block-column is-layout-flow wp-block-column-is-layout-flow\"><figure class=\"wp-block-post-featured-image\"><a href=\"https:\/\/joyaapples.com\/zh_tw\/joya-re-part-en-live-2-aux-francofolies-de-la-rochelle\/\" target=\"_self\"  ><img loading=\"lazy\" decoding=\"async\" width=\"2560\" height=\"1854\" src=\"https:\/\/joyaapples.com\/app\/uploads\/2025\/05\/EXE_JOYA_ENCART_TRADE_297X420-scaled.jpg\" class=\"attachment-post-thumbnail size-post-thumbnail wp-post-image\" alt=\"Joya\u00ae re-part en live #2 aux Francofolies de La Rochelle !\" style=\"object-fit:cover;\" srcset=\"https:\/\/joyaapples.com\/app\/uploads\/2025\/05\/EXE_JOYA_ENCART_TRADE_297X420-scaled.jpg 2560w, https:\/\/joyaapples.com\/app\/uploads\/2025\/05\/EXE_JOYA_ENCART_TRADE_297X420-300x217.jpg 300w, https:\/\/joyaapples.com\/app\/uploads\/2025\/05\/EXE_JOYA_ENCART_TRADE_297X420-1024x742.jpg 1024w, https:\/\/joyaapples.com\/app\/uploads\/2025\/05\/EXE_JOYA_ENCART_TRADE_297X420-768x556.jpg 768w, https:\/\/joyaapples.com\/app\/uploads\/2025\/05\/EXE_JOYA_ENCART_TRADE_297X420-1536x1112.jpg 1536w, https:\/\/joyaapples.com\/app\/uploads\/2025\/05\/EXE_JOYA_ENCART_TRADE_297X420-2048x1483.jpg 2048w, https:\/\/joyaapples.com\/app\/uploads\/2025\/05\/EXE_JOYA_ENCART_TRADE_297X420-18x12.jpg 18w\" sizes=\"auto, (max-width: 2560px) 100vw, 2560px\" \/><\/a><\/figure><\/div>\n\n\n\n<div class=\"wp-block-column is-layout-flow wp-block-column-is-layout-flow\"><h3 class=\"wp-block-post-title\"><a href=\"https:\/\/joyaapples.com\/zh_tw\/joya-re-part-en-live-2-aux-francofolies-de-la-rochelle\/\" target=\"_self\" >Joya\u00ae \u91cd\u65b0\u6f14\u7e79 #2 aux Francofolies de La Rochelle \uff01<\/a><\/h3>\n\n<div class=\"has-link-color wp-elements-aeb86e1242a2f44bef700dcdf1b6f0ef wp-block-post-excerpt has-text-color has-purple-pop-color\"><p class=\"wp-block-post-excerpt__excerpt\">Cet \u00e9t\u00e9 Joya\u00ae, la pomme fran\u00e7aise croquante et pleine de joie, re-part en live aux Francofolies de La Rochelle ! Apr\u00e8s une premi\u00e8re \u00e9dition haute en couleurs, nous revenons avec encore plus de fra\u00eecheur, de musique et de surprises pour vous faire vivre un moment 100 % Always Enjoyable. Joya\u00ae et les Francofolies : une &hellip;<\/p><p class=\"wp-block-post-excerpt__more-text\"><a class=\"wp-block-post-excerpt__more-link\" href=\"https:\/\/joyaapples.com\/zh_tw\/joya-re-part-en-live-2-aux-francofolies-de-la-rochelle\/\">\u95b1\u8b80\u66f4\u591a<\/a><\/p><\/div><\/div>\n<\/div>\n\n<\/li><li class=\"wp-block-post post-817 post type-post status-publish format-standard has-post-thumbnail hentry category-uncategorized\">\n\n<div class=\"wp-block-columns is-layout-flex wp-container-core-columns-is-layout-9d6595d7 wp-block-columns-is-layout-flex\">\n<div class=\"wp-block-column is-layout-flow wp-block-column-is-layout-flow\"><figure class=\"wp-block-post-featured-image\"><a href=\"https:\/\/joyaapples.com\/zh_tw\/the-joya-guide-to-finding-joy\/\" target=\"_self\"  ><img loading=\"lazy\" decoding=\"async\" width=\"1080\" height=\"1350\" src=\"https:\/\/joyaapples.com\/app\/uploads\/2025\/03\/Joya-online-image-1.jpg\" class=\"attachment-post-thumbnail size-post-thumbnail wp-post-image\" alt=\"The Joya\u00ae guide to finding joy+\" style=\"object-fit:cover;\" srcset=\"https:\/\/joyaapples.com\/app\/uploads\/2025\/03\/Joya-online-image-1.jpg 1080w, https:\/\/joyaapples.com\/app\/uploads\/2025\/03\/Joya-online-image-1-240x300.jpg 240w, https:\/\/joyaapples.com\/app\/uploads\/2025\/03\/Joya-online-image-1-819x1024.jpg 819w, https:\/\/joyaapples.com\/app\/uploads\/2025\/03\/Joya-online-image-1-768x960.jpg 768w, https:\/\/joyaapples.com\/app\/uploads\/2025\/03\/Joya-online-image-1-10x12.jpg 10w\" sizes=\"auto, (max-width: 1080px) 100vw, 1080px\" \/><\/a><\/figure><\/div>\n\n\n\n<div class=\"wp-block-column is-layout-flow wp-block-column-is-layout-flow\"><h3 class=\"wp-block-post-title\"><a href=\"https:\/\/joyaapples.com\/zh_tw\/the-joya-guide-to-finding-joy\/\" target=\"_self\" >Joya\u00ae \u5c0b\u627e\u5feb\u6a02\u7684\u6307\u5357+<\/a><\/h3>\n\n<div class=\"has-link-color wp-elements-aeb86e1242a2f44bef700dcdf1b6f0ef wp-block-post-excerpt has-text-color has-purple-pop-color\"><p class=\"wp-block-post-excerpt__excerpt\">\u6211\u5011\u90fd\u6e34\u671b\u904e\u8457\u5feb\u6a02\u800c\u5145\u5be6\u7684\u751f\u6d3b\u3002\u751f\u6d3b\u5145\u6eff\u610f\u7fa9\u3001\u5e78\u798f\u548c\u767c\u81ea\u5167\u5fc3\u7684\u5feb\u6a02\uff0c\u5be6\u969b\u5730\u7167\u4eae\u4e86\u6211\u5011\u7684\u4e16\u754c\u3002\u4f46\u4e8b\u5be6\u4e0a\uff0c\u751f\u6d3b\u6709\u6642\u4e5f\u6703\u8b8a\u5f97\u5f88\u8271\u96e3\uff0c\u5b83\u6703\u78e8\u6ec5\u6211\u5011\u7684\u9632\u79a6\uff0c\u628a\u6b61\u6a02\u90fd\u4e1f\u9032\u6a13\u68af\u4e0b\u90a3\u500b\u96b1\u55bb\u6027\u7684\u6ae5\u6ac3\u88e1\u3002\u6211\u5011\u2026<\/p><p class=\"wp-block-post-excerpt__more-text\"><a class=\"wp-block-post-excerpt__more-link\" href=\"https:\/\/joyaapples.com\/zh_tw\/the-joya-guide-to-finding-joy\/\">\u95b1\u8b80\u66f4\u591a<\/a><\/p><\/div><\/div>\n<\/div>\n\n<\/li><li class=\"wp-block-post post-502 post type-post status-publish format-standard has-post-thumbnail hentry category-uncategorized\">\n\n<div class=\"wp-block-columns is-layout-flex wp-container-core-columns-is-layout-9d6595d7 wp-block-columns-is-layout-flex\">\n<div class=\"wp-block-column is-layout-flow wp-block-column-is-layout-flow\"><figure class=\"wp-block-post-featured-image\"><a href=\"https:\/\/joyaapples.com\/zh_tw\/introducing-a-sunny-new-personality-for-joya-drum-roll-please\/\" target=\"_self\"  ><img loading=\"lazy\" decoding=\"async\" width=\"1990\" height=\"1189\" src=\"https:\/\/joyaapples.com\/app\/uploads\/2025\/01\/Joya-Posters_Article.jpg\" class=\"attachment-post-thumbnail size-post-thumbnail wp-post-image\" alt=\"Introducing a sunny new personality for Joya\u00ae. Drum roll please!\" style=\"object-fit:cover;\" srcset=\"https:\/\/joyaapples.com\/app\/uploads\/2025\/01\/Joya-Posters_Article.jpg 1990w, https:\/\/joyaapples.com\/app\/uploads\/2025\/01\/Joya-Posters_Article-300x179.jpg 300w, https:\/\/joyaapples.com\/app\/uploads\/2025\/01\/Joya-Posters_Article-1024x612.jpg 1024w, https:\/\/joyaapples.com\/app\/uploads\/2025\/01\/Joya-Posters_Article-768x459.jpg 768w, https:\/\/joyaapples.com\/app\/uploads\/2025\/01\/Joya-Posters_Article-1536x918.jpg 1536w, https:\/\/joyaapples.com\/app\/uploads\/2025\/01\/Joya-Posters_Article-18x12.jpg 18w\" sizes=\"auto, (max-width: 1990px) 100vw, 1990px\" \/><\/a><\/figure><\/div>\n\n\n\n<div class=\"wp-block-column is-layout-flow wp-block-column-is-layout-flow\"><h3 class=\"wp-block-post-title\"><a href=\"https:\/\/joyaapples.com\/zh_tw\/introducing-a-sunny-new-personality-for-joya-drum-roll-please\/\" target=\"_self\" >\u70ba Joya\u00ae \u5f15\u5165\u967d\u5149\u65b0\u500b\u6027\u3002\u8acb\u64ca\u9f13\uff01<\/a><\/h3>\n\n<div class=\"has-link-color wp-elements-aeb86e1242a2f44bef700dcdf1b6f0ef wp-block-post-excerpt has-text-color has-purple-pop-color\"><p class=\"wp-block-post-excerpt__excerpt\">\u751f\u6d3b\u3002\u9019\u4e0d\u662f\u6700\u597d\u7684\u55ce\uff1f\u5728 Joya\u00ae\uff0c\u6211\u5011\u76f8\u4fe1\u8981\u5145\u5206\u4eab\u53d7\u751f\u6d3b \u2014 \u2014 \u6293\u4f4f\u6bcf\u4e00\u500b\u8c50\u5bcc\u591a\u5f69\u3001\u7cbe\u5f69\u7684\u65e5\u5b50\uff0c\u539f\u56e0\u5f88\u7c21\u55ae\uff0c\u6bcf\u4e00\u5929\u90fd\u662f\u7528\u4f86\u6293\u4f4f\u7684\u3002\u628a\u4e00\u9846\u9999\u8106\u3001\u63d0\u795e\u7684\u860b\u679c\u653e\u9032\u80cc\u5305\uff0c\u51fa\u767c\u63a2\u7d22\u9019\u500b\u7f8e\u597d\u7684\u4e16\u754c\u3002<\/p><p class=\"wp-block-post-excerpt__more-text\"><a class=\"wp-block-post-excerpt__more-link\" href=\"https:\/\/joyaapples.com\/zh_tw\/introducing-a-sunny-new-personality-for-joya-drum-roll-please\/\">\u95b1\u8b80\u66f4\u591a<\/a><\/p><\/div><\/div>\n<\/div>\n\n<\/li><\/ul>\n\n\n<div class=\"wp-block-buttons is-content-justification-center is-layout-flex wp-container-core-buttons-is-layout-16018d1d wp-block-buttons-is-layout-flex\">\n<div class=\"wp-block-button load-more-btn\"><a class=\"wp-block-button__link wp-element-button\">\u52a0\u8f09\u66f4\u591a\u65b0\u805e<\/a><\/div>\n<\/div>\n\n\n<\/div>\n<\/div>","protected":false},"excerpt":{"rendered":"","protected":false},"author":1,"featured_media":0,"parent":0,"menu_order":0,"comment_status":"closed","ping_status":"closed","template":"","meta":{"_acf_changed":false,"footnotes":""},"class_list":["post-27","page","type-page","status-publish","hentry"],"acf":[],"yoast_head":"<!-- This site is optimized with the Yoast SEO plugin v25.8 - https:\/\/yoast.com\/wordpress\/plugins\/seo\/ -->\n<title>The Good News - Joya Apples Website<\/title>\n<meta name=\"robots\" content=\"index, follow, max-snippet:-1, max-image-preview:large, max-video-preview:-1\" \/>\n<link rel=\"canonical\" href=\"https:\/\/joyaapples.com\/zh_tw\/news\/\" \/>\n<meta property=\"og:locale\" content=\"zh_TW\" \/>\n<meta property=\"og:type\" content=\"article\" \/>\n<meta property=\"og:title\" content=\"The Good News - Joya Apples Website\" \/>\n<meta property=\"og:url\" content=\"https:\/\/joyaapples.com\/zh_tw\/news\/\" \/>\n<meta property=\"og:site_name\" content=\"Joya Apples Website\" \/>\n<meta property=\"article:modified_time\" content=\"2025-05-27T01:02:53+00:00\" \/>\n<meta name=\"twitter:card\" content=\"summary_large_image\" \/>\n<script type=\"application\/ld+json\" class=\"yoast-schema-graph\">{\"@context\":\"https:\/\/schema.org\",\"@graph\":[{\"@type\":\"WebPage\",\"@id\":\"https:\/\/joyaapples.com\/fr\/news\/\",\"url\":\"https:\/\/joyaapples.com\/fr\/news\/\",\"name\":\"The Good News - Joya Apples Website\",\"isPartOf\":{\"@id\":\"https:\/\/joyaapples.com\/fr\/#website\"},\"datePublished\":\"2025-01-13T22:38:59+00:00\",\"dateModified\":\"2025-05-27T01:02:53+00:00\",\"breadcrumb\":{\"@id\":\"https:\/\/joyaapples.com\/fr\/news\/#breadcrumb\"},\"inLanguage\":\"zh-TW\",\"potentialAction\":[{\"@type\":\"ReadAction\",\"target\":[\"https:\/\/joyaapples.com\/fr\/news\/\"]}]},{\"@type\":\"BreadcrumbList\",\"@id\":\"https:\/\/joyaapples.com\/fr\/news\/#breadcrumb\",\"itemListElement\":[{\"@type\":\"ListItem\",\"position\":1,\"name\":\"Home\",\"item\":\"https:\/\/joyaapples.com\/\"},{\"@type\":\"ListItem\",\"position\":2,\"name\":\"The Good News\"}]},{\"@type\":\"WebSite\",\"@id\":\"https:\/\/joyaapples.com\/fr\/#website\",\"url\":\"https:\/\/joyaapples.com\/fr\/\",\"name\":\"Joya Apples Website\",\"description\":\"\",\"potentialAction\":[{\"@type\":\"SearchAction\",\"target\":{\"@type\":\"EntryPoint\",\"urlTemplate\":\"https:\/\/joyaapples.com\/fr\/?s={search_term_string}\"},\"query-input\":{\"@type\":\"PropertyValueSpecification\",\"valueRequired\":true,\"valueName\":\"search_term_string\"}}],\"inLanguage\":\"zh-TW\"}]}<\/script>\n<!-- \/ Yoast SEO plugin. -->","yoast_head_json":{"title":"The Good News - Joya Apples Website","robots":{"index":"index","follow":"follow","max-snippet":"max-snippet:-1","max-image-preview":"max-image-preview:large","max-video-preview":"max-video-preview:-1"},"canonical":"https:\/\/joyaapples.com\/zh_tw\/news\/","og_locale":"zh_TW","og_type":"article","og_title":"The Good News - Joya Apples Website","og_url":"https:\/\/joyaapples.com\/zh_tw\/news\/","og_site_name":"Joya Apples Website","article_modified_time":"2025-05-27T01:02:53+00:00","twitter_card":"summary_large_image","schema":{"@context":"https:\/\/schema.org","@graph":[{"@type":"WebPage","@id":"https:\/\/joyaapples.com\/fr\/news\/","url":"https:\/\/joyaapples.com\/fr\/news\/","name":"The Good News - Joya Apples Website","isPartOf":{"@id":"https:\/\/joyaapples.com\/fr\/#website"},"datePublished":"2025-01-13T22:38:59+00:00","dateModified":"2025-05-27T01:02:53+00:00","breadcrumb":{"@id":"https:\/\/joyaapples.com\/fr\/news\/#breadcrumb"},"inLanguage":"zh-TW","potentialAction":[{"@type":"ReadAction","target":["https:\/\/joyaapples.com\/fr\/news\/"]}]},{"@type":"BreadcrumbList","@id":"https:\/\/joyaapples.com\/fr\/news\/#breadcrumb","itemListElement":[{"@type":"ListItem","position":1,"name":"Home","item":"https:\/\/joyaapples.com\/"},{"@type":"ListItem","position":2,"name":"The Good News"}]},{"@type":"WebSite","@id":"https:\/\/joyaapples.com\/fr\/#website","url":"https:\/\/joyaapples.com\/fr\/","name":"Joya Apples Website","description":"","potentialAction":[{"@type":"SearchAction","target":{"@type":"EntryPoint","urlTemplate":"https:\/\/joyaapples.com\/fr\/?s={search_term_string}"},"query-input":{"@type":"PropertyValueSpecification","valueRequired":true,"valueName":"search_term_string"}}],"inLanguage":"zh-TW"}]}},"_links":{"self":[{"href":"https:\/\/joyaapples.com\/zh_tw\/wp-json\/wp\/v2\/pages\/27","targetHints":{"allow":["GET"]}}],"collection":[{"href":"https:\/\/joyaapples.com\/zh_tw\/wp-json\/wp\/v2\/pages"}],"about":[{"href":"https:\/\/joyaapples.com\/zh_tw\/wp-json\/wp\/v2\/types\/page"}],"author":[{"embeddable":true,"href":"https:\/\/joyaapples.com\/zh_tw\/wp-json\/wp\/v2\/users\/1"}],"replies":[{"embeddable":true,"href":"https:\/\/joyaapples.com\/zh_tw\/wp-json\/wp\/v2\/comments?post=27"}],"version-history":[{"count":30,"href":"https:\/\/joyaapples.com\/zh_tw\/wp-json\/wp\/v2\/pages\/27\/revisions"}],"predecessor-version":[{"id":864,"href":"https:\/\/joyaapples.com\/zh_tw\/wp-json\/wp\/v2\/pages\/27\/revisions\/864"}],"wp:attachment":[{"href":"https:\/\/joyaapples.com\/zh_tw\/wp-json\/wp\/v2\/media?parent=27"}],"curies":[{"name":"wp","href":"https:\/\/api.w.org\/{rel}","templated":true}]}}